{"id":969,"date":"2024-05-23T21:55:39","date_gmt":"2024-05-24T00:55:39","guid":{"rendered":"https:\/\/www.rbz.org.br\/?page_id=969"},"modified":"2025-03-21T11:12:09","modified_gmt":"2025-03-21T14:12:09","slug":"termo-de-garantia","status":"publish","type":"page","link":"https:\/\/rbz.org.br\/pt-br\/termo-de-garantia\/","title":{"rendered":"Formul\u00e1rio de Garantia de Conte\u00fado"},"content":{"rendered":"<p>Ao submeter um manuscrito, os autores devem garantir que seu trabalho \u00e9 original e que nem o todo nem parte do manuscrito, independentemente do idioma, est\u00e1 atualmente sob considera\u00e7\u00e3o ou foi publicado em qualquer outra revista cient\u00edfica. N\u00e3o ser\u00e3o aceitos manuscritos previamente publicados ou em processo de revis\u00e3o em outro local. A Revista Brasileira de Zootecnia tamb\u00e9m n\u00e3o aceita a duplica\u00e7\u00e3o ou tradu\u00e7\u00e3o de artigos j\u00e1 publicados em outros peri\u00f3dicos ou como cap\u00edtulos de livros.<\/p>\n<p>Estudos fracionados ou subdivididos dever\u00e3o ser submetidos simultaneamente (como manuscritos complementares), pois ser\u00e3o avaliados pelos mesmos revisores.<\/p>\n<p>Os autores tamb\u00e9m devem se certificar de que outras publica\u00e7\u00f5es ou palavras usadas em seu manuscrito foram devidamente citadas, direta ou indiretamente, para evitar pl\u00e1gio (considerado um comportamento anti\u00e9tico de publica\u00e7\u00e3o). Os autores s\u00e3o os \u00fanicos respons\u00e1veis pelo conte\u00fado dos artigos publicados pela Revista Brasileira de Zootecnia.<\/p>\n<p>Ap\u00f3s a submiss\u00e3o no <a href=\"https:\/\/mc04.manuscriptcentral.com\/rbz-scielo\" target=\"_blank\" rel=\"noopener\">ScholarOne<\/a>, o autor correspondente dever\u00e1 enviar o formul\u00e1rio de Garantia de Conte\u00fado (<em>Assurance of Contents<\/em>). Esta etapa confirma a participa\u00e7\u00e3o e concord\u00e2ncia de todos os coautores listados quanto \u00e0 submiss\u00e3o e integridade do manuscrito.<\/p>\n<p>O texto original deste formul\u00e1rio N\u00c3O deve ser alterado. \u00c9 de responsabilidade do autor correspondente garantir que o formul\u00e1rio seja devidamente preenchido, assinado em todas as suas p\u00e1ginas (\u00e0 m\u00e3o ou com assinatura digital rastre\u00e1vel) e enviado por e-mail para o escrit\u00f3rio da RBZ no endere\u00e7o <a href=\"mailto:secretariarbz@sbz.org.br\" target=\"_blank\" rel=\"noopener\">secretariarbz@sbz.org.br<\/a>.<\/p>\n<p>Baixe aqui o formul\u00e1rio <a href=\"https:\/\/rbz.org.br\/wp-content\/uploads\/2025\/03\/Assurance-of-Contents-2025.pdf\" target=\"_blank\" rel=\"noopener\">Assurance of Contents<\/a>.<\/p>\n<p><strong>Os manuscritos n\u00e3o ser\u00e3o avaliados sem este formul\u00e1rio.<\/strong><\/p>\n","protected":false},"excerpt":{"rendered":"<p>Ao submeter um manuscrito, os autores devem garantir que seu trabalho \u00e9 original e que nem o todo nem parte do manuscrito, independentemente do idioma, est\u00e1 atualmente sob considera\u00e7\u00e3o ou foi publicado em qualquer outra revista cient\u00edfica. N\u00e3o ser\u00e3o aceitos manuscritos previamente publicados ou em processo de revis\u00e3o em outro local. A Revista Brasileira de Zootecnia tamb\u00e9m n\u00e3o aceita a duplica\u00e7\u00e3o ou tradu\u00e7\u00e3o de artigos j\u00e1 publicados em outros peri\u00f3dicos ou como cap\u00edtulos de livros. Estudos fracionados ou subdivididos dever\u00e3o [&#8230;]<\/p>\n","protected":false},"author":3,"featured_media":0,"parent":0,"menu_order":0,"comment_status":"closed","ping_status":"closed","template":"","meta":{"footnotes":""},"class_list":["post-969","page","type-page","status-publish","hentry"],"yoast_head":"<!-- This site is optimized with the Yoast SEO plugin v26.9 - https:\/\/yoast.com\/product\/yoast-seo-wordpress\/ -->\n<title>Formul\u00e1rio de Garantia de Conte\u00fado - Revista Brasileira de Zootecnia<\/title>\n<meta name=\"robots\" content=\"index, follow, max-snippet:-1, max-image-preview:large, max-video-preview:-1\" \/>\n<link rel=\"canonical\" href=\"https:\/\/rbz.org.br\/pt-br\/termo-de-garantia\/\" \/>\n<meta property=\"og:locale\" content=\"pt_BR\" \/>\n<meta property=\"og:type\" content=\"article\" \/>\n<meta property=\"og:title\" content=\"Formul\u00e1rio de Garantia de Conte\u00fado - Revista Brasileira de Zootecnia\" \/>\n<meta property=\"og:description\" content=\"Ao submeter um manuscrito, os autores devem garantir que seu trabalho \u00e9 original e que nem o todo nem parte do manuscrito, independentemente do idioma, est\u00e1 atualmente sob considera\u00e7\u00e3o ou foi publicado em qualquer outra revista cient\u00edfica. N\u00e3o ser\u00e3o aceitos manuscritos previamente publicados ou em processo de revis\u00e3o em outro local. A Revista Brasileira de Zootecnia tamb\u00e9m n\u00e3o aceita a duplica\u00e7\u00e3o ou tradu\u00e7\u00e3o de artigos j\u00e1 publicados em outros peri\u00f3dicos ou como cap\u00edtulos de livros. Estudos fracionados ou subdivididos dever\u00e3o [...]\" \/>\n<meta property=\"og:url\" content=\"https:\/\/rbz.org.br\/pt-br\/termo-de-garantia\/\" \/>\n<meta property=\"og:site_name\" content=\"Revista Brasileira de Zootecnia\" \/>\n<meta property=\"article:publisher\" content=\"https:\/\/www.facebook.com\/rbz.bjas\" \/>\n<meta property=\"article:modified_time\" content=\"2025-03-21T14:12:09+00:00\" \/>\n<meta property=\"og:image\" content=\"https:\/\/rbz.org.br\/wp-content\/uploads\/2018\/06\/rbz.png\" \/>\n\t<meta property=\"og:image:width\" content=\"324\" \/>\n\t<meta property=\"og:image:height\" content=\"135\" \/>\n\t<meta property=\"og:image:type\" content=\"image\/png\" \/>\n<meta name=\"twitter:card\" content=\"summary_large_image\" \/>\n<meta name=\"twitter:site\" content=\"@rbz_bjas\" \/>\n<meta name=\"twitter:label1\" content=\"Est. tempo de leitura\" \/>\n\t<meta name=\"twitter:data1\" content=\"2 minutos\" \/>\n<script type=\"application\/ld+json\" class=\"yoast-schema-graph\">{\"@context\":\"https:\/\/schema.org\",\"@graph\":[{\"@type\":\"WebPage\",\"@id\":\"https:\/\/rbz.org.br\/pt-br\/termo-de-garantia\/\",\"url\":\"https:\/\/rbz.org.br\/pt-br\/termo-de-garantia\/\",\"name\":\"Formul\u00e1rio de Garantia de Conte\u00fado - Revista Brasileira de Zootecnia\",\"isPartOf\":{\"@id\":\"https:\/\/rbz.org.br\/#website\"},\"datePublished\":\"2024-05-24T00:55:39+00:00\",\"dateModified\":\"2025-03-21T14:12:09+00:00\",\"breadcrumb\":{\"@id\":\"https:\/\/rbz.org.br\/pt-br\/termo-de-garantia\/#breadcrumb\"},\"inLanguage\":\"pt-BR\",\"potentialAction\":[{\"@type\":\"ReadAction\",\"target\":[\"https:\/\/rbz.org.br\/pt-br\/termo-de-garantia\/\"]}]},{\"@type\":\"BreadcrumbList\",\"@id\":\"https:\/\/rbz.org.br\/pt-br\/termo-de-garantia\/#breadcrumb\",\"itemListElement\":[{\"@type\":\"ListItem\",\"position\":1,\"name\":\"Home\",\"item\":\"https:\/\/rbz.org.br\/pt-br\/\"},{\"@type\":\"ListItem\",\"position\":2,\"name\":\"Formul\u00e1rio de Garantia de Conte\u00fado\"}]},{\"@type\":\"WebSite\",\"@id\":\"https:\/\/rbz.org.br\/#website\",\"url\":\"https:\/\/rbz.org.br\/\",\"name\":\"Revista Brasileira de Zootecnia\",\"description\":\"A &lt;em&gt;Revista Brasileira de Zootecnia&lt;\/em&gt; \u00e9 uma publica\u00e7\u00e3o dedicada ao amplo campo da Zootecnia. Publicamos pesquisas cient\u00edficas originais e de alta qualidade que abrangem v\u00e1rias \u00e1reas, incluindo aquicultura, biometeorologia e bem-estar animal, forragens e pastagens, melhoramento e gen\u00e9tica de plantas forrageiras e animais, reprodu\u00e7\u00e3o animal, nutri\u00e7\u00e3o de ruminantes e n\u00e3o-ruminantes, ci\u00eancia da carne e biologia muscular, zootecnia de precis\u00e3o e sistemas de produ\u00e7\u00e3o animal e agroneg\u00f3cio.\",\"publisher\":{\"@id\":\"https:\/\/rbz.org.br\/#organization\"},\"potentialAction\":[{\"@type\":\"SearchAction\",\"target\":{\"@type\":\"EntryPoint\",\"urlTemplate\":\"https:\/\/rbz.org.br\/?s={search_term_string}\"},\"query-input\":{\"@type\":\"PropertyValueSpecification\",\"valueRequired\":true,\"valueName\":\"search_term_string\"}}],\"inLanguage\":\"pt-BR\"},{\"@type\":\"Organization\",\"@id\":\"https:\/\/rbz.org.br\/#organization\",\"name\":\"Revista Brasileira de Zootecnia\",\"url\":\"https:\/\/rbz.org.br\/\",\"logo\":{\"@type\":\"ImageObject\",\"inLanguage\":\"pt-BR\",\"@id\":\"https:\/\/rbz.org.br\/#\/schema\/logo\/image\/\",\"url\":\"https:\/\/www.rbz.org.br\/wp-content\/uploads\/2018\/06\/rbz.png\",\"contentUrl\":\"https:\/\/www.rbz.org.br\/wp-content\/uploads\/2018\/06\/rbz.png\",\"width\":324,\"height\":135,\"caption\":\"Revista Brasileira de Zootecnia\"},\"image\":{\"@id\":\"https:\/\/rbz.org.br\/#\/schema\/logo\/image\/\"},\"sameAs\":[\"https:\/\/www.facebook.com\/rbz.bjas\",\"https:\/\/x.com\/rbz_bjas\"]}]}<\/script>\n<!-- \/ Yoast SEO plugin. -->","yoast_head_json":{"title":"Formul\u00e1rio de Garantia de Conte\u00fado - Revista Brasileira de Zootecnia","robots":{"index":"index","follow":"follow","max-snippet":"max-snippet:-1","max-image-preview":"max-image-preview:large","max-video-preview":"max-video-preview:-1"},"canonical":"https:\/\/rbz.org.br\/pt-br\/termo-de-garantia\/","og_locale":"pt_BR","og_type":"article","og_title":"Formul\u00e1rio de Garantia de Conte\u00fado - Revista Brasileira de Zootecnia","og_description":"Ao submeter um manuscrito, os autores devem garantir que seu trabalho \u00e9 original e que nem o todo nem parte do manuscrito, independentemente do idioma, est\u00e1 atualmente sob considera\u00e7\u00e3o ou foi publicado em qualquer outra revista cient\u00edfica. N\u00e3o ser\u00e3o aceitos manuscritos previamente publicados ou em processo de revis\u00e3o em outro local. A Revista Brasileira de Zootecnia tamb\u00e9m n\u00e3o aceita a duplica\u00e7\u00e3o ou tradu\u00e7\u00e3o de artigos j\u00e1 publicados em outros peri\u00f3dicos ou como cap\u00edtulos de livros. Estudos fracionados ou subdivididos dever\u00e3o [...]","og_url":"https:\/\/rbz.org.br\/pt-br\/termo-de-garantia\/","og_site_name":"Revista Brasileira de Zootecnia","article_publisher":"https:\/\/www.facebook.com\/rbz.bjas","article_modified_time":"2025-03-21T14:12:09+00:00","og_image":[{"width":324,"height":135,"url":"https:\/\/rbz.org.br\/wp-content\/uploads\/2018\/06\/rbz.png","type":"image\/png"}],"twitter_card":"summary_large_image","twitter_site":"@rbz_bjas","twitter_misc":{"Est. tempo de leitura":"2 minutos"},"schema":{"@context":"https:\/\/schema.org","@graph":[{"@type":"WebPage","@id":"https:\/\/rbz.org.br\/pt-br\/termo-de-garantia\/","url":"https:\/\/rbz.org.br\/pt-br\/termo-de-garantia\/","name":"Formul\u00e1rio de Garantia de Conte\u00fado - Revista Brasileira de Zootecnia","isPartOf":{"@id":"https:\/\/rbz.org.br\/#website"},"datePublished":"2024-05-24T00:55:39+00:00","dateModified":"2025-03-21T14:12:09+00:00","breadcrumb":{"@id":"https:\/\/rbz.org.br\/pt-br\/termo-de-garantia\/#breadcrumb"},"inLanguage":"pt-BR","potentialAction":[{"@type":"ReadAction","target":["https:\/\/rbz.org.br\/pt-br\/termo-de-garantia\/"]}]},{"@type":"BreadcrumbList","@id":"https:\/\/rbz.org.br\/pt-br\/termo-de-garantia\/#breadcrumb","itemListElement":[{"@type":"ListItem","position":1,"name":"Home","item":"https:\/\/rbz.org.br\/pt-br\/"},{"@type":"ListItem","position":2,"name":"Formul\u00e1rio de Garantia de Conte\u00fado"}]},{"@type":"WebSite","@id":"https:\/\/rbz.org.br\/#website","url":"https:\/\/rbz.org.br\/","name":"Revista Brasileira de Zootecnia","description":"A &lt;em&gt;Revista Brasileira de Zootecnia&lt;\/em&gt; \u00e9 uma publica\u00e7\u00e3o dedicada ao amplo campo da Zootecnia. Publicamos pesquisas cient\u00edficas originais e de alta qualidade que abrangem v\u00e1rias \u00e1reas, incluindo aquicultura, biometeorologia e bem-estar animal, forragens e pastagens, melhoramento e gen\u00e9tica de plantas forrageiras e animais, reprodu\u00e7\u00e3o animal, nutri\u00e7\u00e3o de ruminantes e n\u00e3o-ruminantes, ci\u00eancia da carne e biologia muscular, zootecnia de precis\u00e3o e sistemas de produ\u00e7\u00e3o animal e agroneg\u00f3cio.","publisher":{"@id":"https:\/\/rbz.org.br\/#organization"},"potentialAction":[{"@type":"SearchAction","target":{"@type":"EntryPoint","urlTemplate":"https:\/\/rbz.org.br\/?s={search_term_string}"},"query-input":{"@type":"PropertyValueSpecification","valueRequired":true,"valueName":"search_term_string"}}],"inLanguage":"pt-BR"},{"@type":"Organization","@id":"https:\/\/rbz.org.br\/#organization","name":"Revista Brasileira de Zootecnia","url":"https:\/\/rbz.org.br\/","logo":{"@type":"ImageObject","inLanguage":"pt-BR","@id":"https:\/\/rbz.org.br\/#\/schema\/logo\/image\/","url":"https:\/\/www.rbz.org.br\/wp-content\/uploads\/2018\/06\/rbz.png","contentUrl":"https:\/\/www.rbz.org.br\/wp-content\/uploads\/2018\/06\/rbz.png","width":324,"height":135,"caption":"Revista Brasileira de Zootecnia"},"image":{"@id":"https:\/\/rbz.org.br\/#\/schema\/logo\/image\/"},"sameAs":["https:\/\/www.facebook.com\/rbz.bjas","https:\/\/x.com\/rbz_bjas"]}]}},"_links":{"self":[{"href":"https:\/\/rbz.org.br\/pt-br\/wp-json\/wp\/v2\/pages\/969","targetHints":{"allow":["GET"]}}],"collection":[{"href":"https:\/\/rbz.org.br\/pt-br\/wp-json\/wp\/v2\/pages"}],"about":[{"href":"https:\/\/rbz.org.br\/pt-br\/wp-json\/wp\/v2\/types\/page"}],"author":[{"embeddable":true,"href":"https:\/\/rbz.org.br\/pt-br\/wp-json\/wp\/v2\/users\/3"}],"replies":[{"embeddable":true,"href":"https:\/\/rbz.org.br\/pt-br\/wp-json\/wp\/v2\/comments?post=969"}],"version-history":[{"count":30,"href":"https:\/\/rbz.org.br\/pt-br\/wp-json\/wp\/v2\/pages\/969\/revisions"}],"predecessor-version":[{"id":12242,"href":"https:\/\/rbz.org.br\/pt-br\/wp-json\/wp\/v2\/pages\/969\/revisions\/12242"}],"wp:attachment":[{"href":"https:\/\/rbz.org.br\/pt-br\/wp-json\/wp\/v2\/media?parent=969"}],"curies":[{"name":"wp","href":"https:\/\/api.w.org\/{rel}","templated":true}]}}