{"id":870,"date":"2024-05-23T12:26:58","date_gmt":"2024-05-23T15:26:58","guid":{"rendered":"http:\/\/www.rbz.org.br\/?page_id=870"},"modified":"2024-05-31T08:34:38","modified_gmt":"2024-05-31T11:34:38","slug":"sobre","status":"publish","type":"page","link":"https:\/\/rbz.org.br\/pt-br\/sobre\/","title":{"rendered":"Hist\u00f3rico"},"content":{"rendered":"<p>A <strong>Revista Brasileira de Zootecnia<\/strong> (RBZ) \u00e9 uma publica\u00e7\u00e3o de destaque na \u00e1rea de Zootecnia, apresentando uma ampla gama de artigos cient\u00edficos originais em diversos t\u00f3picos de pesquisa. Estes abrangem aquicultura, biometeorologia e bem-estar animal, forragens e pastagens, melhoramento e gen\u00e9tica de plantas forrageiras e animais, reprodu\u00e7\u00e3o animal, nutri\u00e7\u00e3o de ruminantes e n\u00e3o-ruminantes, ci\u00eancia da carne e biologia muscular, zootecnia de precis\u00e3o e sistemas de produ\u00e7\u00e3o animal e agroneg\u00f3cio. Organizada e editada pela <a href=\"https:\/\/www.sbz.org.br\/\" target=\"_blank\" rel=\"noopener\">Sociedade Brasileira de Zootecnia<\/a> (SBZ), associa\u00e7\u00e3o sem fins lucrativos, a RBZ n\u00e3o se limita a publicar trabalhos da SBZ, mas apresenta artigos de pesquisadores de todo o mundo.<\/p>\n<p>Ao longo dos anos, a RBZ passou por mudan\u00e7as, como aumento no n\u00famero de volumes publicados, mudan\u00e7a no layout e dimens\u00f5es das publica\u00e7\u00f5es, edi\u00e7\u00f5es impressas e on-line, acesso aberto aos artigos e aumento no n\u00famero de artigos publicados em ingl\u00eas. Seguindo a tend\u00eancia de muitos peri\u00f3dicos, em 2010 a RBZ passou a ser publicada apenas em formato eletr\u00f4nico (ISSN 1806-9290).<\/p>\n<p>Desde o seu primeiro n\u00famero em 1972, inicialmente com o nome \u201cRevista da Sociedade Brasileira de Zootecnia\u201d, a revista passou por transforma\u00e7\u00f5es significativas, incluindo a mudan\u00e7a de nome em 1997 para o t\u00edtulo atual, Revista Brasileira de Zootecnia (ISSN 1516-3598), o que marcou um novo cap\u00edtulo em sua hist\u00f3ria de publica\u00e7\u00e3o. A frequ\u00eancia de publica\u00e7\u00e3o da revista evoluiu, come\u00e7ando com dois volumes anuais de 1973 a 1978, aumentando para quatro volumes por ano de 1979 a 1984, e depois adotando um formato bimestral de 1985 a 2007. Em 2008, a RBZ fez a transi\u00e7\u00e3o para publica\u00e7\u00f5es mensais e, em 2018, adotou o sistema de publica\u00e7\u00e3o cont\u00ednua, garantindo o acesso oportuno aos resultados das pesquisas mais recentes.<\/p>\n<p>Ao longo dos anos, os esfor\u00e7os cont\u00ednuos para melhorar o alcance e o impacto da revista levaram a diversas melhorias, como o aumento do n\u00famero de volumes publicados, atualiza\u00e7\u00f5es no layout e tamanho, introdu\u00e7\u00e3o da edi\u00e7\u00e3o online, acesso aberto aos artigos, foco na publica\u00e7\u00e3o de artigos em ingl\u00eas e inclus\u00e3o do n\u00famero DOI (Digital Object Identifier) e ORCID (Open Researcher and Contributor ID) dos autores em todos os artigos publicados. Alinhando-se com a mudan\u00e7a para a acessibilidade digital, a RBZ adotou um formato exclusivamente eletr\u00f4nico (ISSN 1806-9290) em 2010, tornando-o acess\u00edvel a um p\u00fablico mais amplo.<\/p>\n<p>A revista \u00e9 comumente referida pelo seu t\u00edtulo abreviado, <strong>R. Bras. Zootec.<\/strong>, recomendado para uso em bibliografias, notas de rodap\u00e9, refer\u00eancias e cita\u00e7\u00f5es bibliogr\u00e1ficas.<\/p>\n","protected":false},"excerpt":{"rendered":"<p>A Revista Brasileira de Zootecnia (RBZ) \u00e9 uma publica\u00e7\u00e3o de destaque na \u00e1rea de Zootecnia, apresentando uma ampla gama de artigos cient\u00edficos originais em diversos t\u00f3picos de pesquisa. Estes abrangem aquicultura, biometeorologia e bem-estar animal, forragens e pastagens, melhoramento e gen\u00e9tica de plantas forrageiras e animais, reprodu\u00e7\u00e3o animal, nutri\u00e7\u00e3o de ruminantes e n\u00e3o-ruminantes, ci\u00eancia da carne e biologia muscular, zootecnia de precis\u00e3o e sistemas de produ\u00e7\u00e3o animal e agroneg\u00f3cio. Organizada e editada pela Sociedade Brasileira de Zootecnia (SBZ), associa\u00e7\u00e3o sem [&#8230;]<\/p>\n","protected":false},"author":1,"featured_media":0,"parent":0,"menu_order":0,"comment_status":"closed","ping_status":"closed","template":"","meta":{"footnotes":""},"class_list":["post-870","page","type-page","status-publish","hentry"],"yoast_head":"<!-- This site is optimized with the Yoast SEO plugin v26.9 - https:\/\/yoast.com\/product\/yoast-seo-wordpress\/ -->\n<title>Hist\u00f3rico - Revista Brasileira de Zootecnia<\/title>\n<meta name=\"robots\" content=\"index, follow, max-snippet:-1, max-image-preview:large, max-video-preview:-1\" \/>\n<link rel=\"canonical\" href=\"https:\/\/rbz.org.br\/pt-br\/sobre\/\" \/>\n<meta property=\"og:locale\" content=\"pt_BR\" \/>\n<meta property=\"og:type\" content=\"article\" \/>\n<meta property=\"og:title\" content=\"Hist\u00f3rico - Revista Brasileira de Zootecnia\" \/>\n<meta property=\"og:description\" content=\"A Revista Brasileira de Zootecnia (RBZ) \u00e9 uma publica\u00e7\u00e3o de destaque na \u00e1rea de Zootecnia, apresentando uma ampla gama de artigos cient\u00edficos originais em diversos t\u00f3picos de pesquisa. Estes abrangem aquicultura, biometeorologia e bem-estar animal, forragens e pastagens, melhoramento e gen\u00e9tica de plantas forrageiras e animais, reprodu\u00e7\u00e3o animal, nutri\u00e7\u00e3o de ruminantes e n\u00e3o-ruminantes, ci\u00eancia da carne e biologia muscular, zootecnia de precis\u00e3o e sistemas de produ\u00e7\u00e3o animal e agroneg\u00f3cio. Organizada e editada pela Sociedade Brasileira de Zootecnia (SBZ), associa\u00e7\u00e3o sem [...]\" \/>\n<meta property=\"og:url\" content=\"https:\/\/rbz.org.br\/pt-br\/sobre\/\" \/>\n<meta property=\"og:site_name\" content=\"Revista Brasileira de Zootecnia\" \/>\n<meta property=\"article:publisher\" content=\"https:\/\/www.facebook.com\/rbz.bjas\" \/>\n<meta property=\"article:modified_time\" content=\"2024-05-31T11:34:38+00:00\" \/>\n<meta property=\"og:image\" content=\"https:\/\/rbz.org.br\/wp-content\/uploads\/2018\/06\/rbz.png\" \/>\n\t<meta property=\"og:image:width\" content=\"324\" \/>\n\t<meta property=\"og:image:height\" content=\"135\" \/>\n\t<meta property=\"og:image:type\" content=\"image\/png\" \/>\n<meta name=\"twitter:card\" content=\"summary_large_image\" \/>\n<meta name=\"twitter:site\" content=\"@rbz_bjas\" \/>\n<meta name=\"twitter:label1\" content=\"Est. tempo de leitura\" \/>\n\t<meta name=\"twitter:data1\" content=\"3 minutos\" \/>\n<script type=\"application\/ld+json\" class=\"yoast-schema-graph\">{\"@context\":\"https:\/\/schema.org\",\"@graph\":[{\"@type\":\"WebPage\",\"@id\":\"https:\/\/rbz.org.br\/pt-br\/sobre\/\",\"url\":\"https:\/\/rbz.org.br\/pt-br\/sobre\/\",\"name\":\"Hist\u00f3rico - Revista Brasileira de Zootecnia\",\"isPartOf\":{\"@id\":\"https:\/\/rbz.org.br\/#website\"},\"datePublished\":\"2024-05-23T15:26:58+00:00\",\"dateModified\":\"2024-05-31T11:34:38+00:00\",\"breadcrumb\":{\"@id\":\"https:\/\/rbz.org.br\/pt-br\/sobre\/#breadcrumb\"},\"inLanguage\":\"pt-BR\",\"potentialAction\":[{\"@type\":\"ReadAction\",\"target\":[\"https:\/\/rbz.org.br\/pt-br\/sobre\/\"]}]},{\"@type\":\"BreadcrumbList\",\"@id\":\"https:\/\/rbz.org.br\/pt-br\/sobre\/#breadcrumb\",\"itemListElement\":[{\"@type\":\"ListItem\",\"position\":1,\"name\":\"Home\",\"item\":\"https:\/\/rbz.org.br\/pt-br\/\"},{\"@type\":\"ListItem\",\"position\":2,\"name\":\"Hist\u00f3rico\"}]},{\"@type\":\"WebSite\",\"@id\":\"https:\/\/rbz.org.br\/#website\",\"url\":\"https:\/\/rbz.org.br\/\",\"name\":\"Revista Brasileira de Zootecnia\",\"description\":\"A &lt;em&gt;Revista Brasileira de Zootecnia&lt;\/em&gt; \u00e9 uma publica\u00e7\u00e3o dedicada ao amplo campo da Zootecnia. Publicamos pesquisas cient\u00edficas originais e de alta qualidade que abrangem v\u00e1rias \u00e1reas, incluindo aquicultura, biometeorologia e bem-estar animal, forragens e pastagens, melhoramento e gen\u00e9tica de plantas forrageiras e animais, reprodu\u00e7\u00e3o animal, nutri\u00e7\u00e3o de ruminantes e n\u00e3o-ruminantes, ci\u00eancia da carne e biologia muscular, zootecnia de precis\u00e3o e sistemas de produ\u00e7\u00e3o animal e agroneg\u00f3cio.\",\"publisher\":{\"@id\":\"https:\/\/rbz.org.br\/#organization\"},\"potentialAction\":[{\"@type\":\"SearchAction\",\"target\":{\"@type\":\"EntryPoint\",\"urlTemplate\":\"https:\/\/rbz.org.br\/?s={search_term_string}\"},\"query-input\":{\"@type\":\"PropertyValueSpecification\",\"valueRequired\":true,\"valueName\":\"search_term_string\"}}],\"inLanguage\":\"pt-BR\"},{\"@type\":\"Organization\",\"@id\":\"https:\/\/rbz.org.br\/#organization\",\"name\":\"Revista Brasileira de Zootecnia\",\"url\":\"https:\/\/rbz.org.br\/\",\"logo\":{\"@type\":\"ImageObject\",\"inLanguage\":\"pt-BR\",\"@id\":\"https:\/\/rbz.org.br\/#\/schema\/logo\/image\/\",\"url\":\"https:\/\/www.rbz.org.br\/wp-content\/uploads\/2018\/06\/rbz.png\",\"contentUrl\":\"https:\/\/www.rbz.org.br\/wp-content\/uploads\/2018\/06\/rbz.png\",\"width\":324,\"height\":135,\"caption\":\"Revista Brasileira de Zootecnia\"},\"image\":{\"@id\":\"https:\/\/rbz.org.br\/#\/schema\/logo\/image\/\"},\"sameAs\":[\"https:\/\/www.facebook.com\/rbz.bjas\",\"https:\/\/x.com\/rbz_bjas\"]}]}<\/script>\n<!-- \/ Yoast SEO plugin. -->","yoast_head_json":{"title":"Hist\u00f3rico - Revista Brasileira de Zootecnia","robots":{"index":"index","follow":"follow","max-snippet":"max-snippet:-1","max-image-preview":"max-image-preview:large","max-video-preview":"max-video-preview:-1"},"canonical":"https:\/\/rbz.org.br\/pt-br\/sobre\/","og_locale":"pt_BR","og_type":"article","og_title":"Hist\u00f3rico - Revista Brasileira de Zootecnia","og_description":"A Revista Brasileira de Zootecnia (RBZ) \u00e9 uma publica\u00e7\u00e3o de destaque na \u00e1rea de Zootecnia, apresentando uma ampla gama de artigos cient\u00edficos originais em diversos t\u00f3picos de pesquisa. Estes abrangem aquicultura, biometeorologia e bem-estar animal, forragens e pastagens, melhoramento e gen\u00e9tica de plantas forrageiras e animais, reprodu\u00e7\u00e3o animal, nutri\u00e7\u00e3o de ruminantes e n\u00e3o-ruminantes, ci\u00eancia da carne e biologia muscular, zootecnia de precis\u00e3o e sistemas de produ\u00e7\u00e3o animal e agroneg\u00f3cio. Organizada e editada pela Sociedade Brasileira de Zootecnia (SBZ), associa\u00e7\u00e3o sem [...]","og_url":"https:\/\/rbz.org.br\/pt-br\/sobre\/","og_site_name":"Revista Brasileira de Zootecnia","article_publisher":"https:\/\/www.facebook.com\/rbz.bjas","article_modified_time":"2024-05-31T11:34:38+00:00","og_image":[{"width":324,"height":135,"url":"https:\/\/rbz.org.br\/wp-content\/uploads\/2018\/06\/rbz.png","type":"image\/png"}],"twitter_card":"summary_large_image","twitter_site":"@rbz_bjas","twitter_misc":{"Est. tempo de leitura":"3 minutos"},"schema":{"@context":"https:\/\/schema.org","@graph":[{"@type":"WebPage","@id":"https:\/\/rbz.org.br\/pt-br\/sobre\/","url":"https:\/\/rbz.org.br\/pt-br\/sobre\/","name":"Hist\u00f3rico - Revista Brasileira de Zootecnia","isPartOf":{"@id":"https:\/\/rbz.org.br\/#website"},"datePublished":"2024-05-23T15:26:58+00:00","dateModified":"2024-05-31T11:34:38+00:00","breadcrumb":{"@id":"https:\/\/rbz.org.br\/pt-br\/sobre\/#breadcrumb"},"inLanguage":"pt-BR","potentialAction":[{"@type":"ReadAction","target":["https:\/\/rbz.org.br\/pt-br\/sobre\/"]}]},{"@type":"BreadcrumbList","@id":"https:\/\/rbz.org.br\/pt-br\/sobre\/#breadcrumb","itemListElement":[{"@type":"ListItem","position":1,"name":"Home","item":"https:\/\/rbz.org.br\/pt-br\/"},{"@type":"ListItem","position":2,"name":"Hist\u00f3rico"}]},{"@type":"WebSite","@id":"https:\/\/rbz.org.br\/#website","url":"https:\/\/rbz.org.br\/","name":"Revista Brasileira de Zootecnia","description":"A &lt;em&gt;Revista Brasileira de Zootecnia&lt;\/em&gt; \u00e9 uma publica\u00e7\u00e3o dedicada ao amplo campo da Zootecnia. Publicamos pesquisas cient\u00edficas originais e de alta qualidade que abrangem v\u00e1rias \u00e1reas, incluindo aquicultura, biometeorologia e bem-estar animal, forragens e pastagens, melhoramento e gen\u00e9tica de plantas forrageiras e animais, reprodu\u00e7\u00e3o animal, nutri\u00e7\u00e3o de ruminantes e n\u00e3o-ruminantes, ci\u00eancia da carne e biologia muscular, zootecnia de precis\u00e3o e sistemas de produ\u00e7\u00e3o animal e agroneg\u00f3cio.","publisher":{"@id":"https:\/\/rbz.org.br\/#organization"},"potentialAction":[{"@type":"SearchAction","target":{"@type":"EntryPoint","urlTemplate":"https:\/\/rbz.org.br\/?s={search_term_string}"},"query-input":{"@type":"PropertyValueSpecification","valueRequired":true,"valueName":"search_term_string"}}],"inLanguage":"pt-BR"},{"@type":"Organization","@id":"https:\/\/rbz.org.br\/#organization","name":"Revista Brasileira de Zootecnia","url":"https:\/\/rbz.org.br\/","logo":{"@type":"ImageObject","inLanguage":"pt-BR","@id":"https:\/\/rbz.org.br\/#\/schema\/logo\/image\/","url":"https:\/\/www.rbz.org.br\/wp-content\/uploads\/2018\/06\/rbz.png","contentUrl":"https:\/\/www.rbz.org.br\/wp-content\/uploads\/2018\/06\/rbz.png","width":324,"height":135,"caption":"Revista Brasileira de Zootecnia"},"image":{"@id":"https:\/\/rbz.org.br\/#\/schema\/logo\/image\/"},"sameAs":["https:\/\/www.facebook.com\/rbz.bjas","https:\/\/x.com\/rbz_bjas"]}]}},"_links":{"self":[{"href":"https:\/\/rbz.org.br\/pt-br\/wp-json\/wp\/v2\/pages\/870","targetHints":{"allow":["GET"]}}],"collection":[{"href":"https:\/\/rbz.org.br\/pt-br\/wp-json\/wp\/v2\/pages"}],"about":[{"href":"https:\/\/rbz.org.br\/pt-br\/wp-json\/wp\/v2\/types\/page"}],"author":[{"embeddable":true,"href":"https:\/\/rbz.org.br\/pt-br\/wp-json\/wp\/v2\/users\/1"}],"replies":[{"embeddable":true,"href":"https:\/\/rbz.org.br\/pt-br\/wp-json\/wp\/v2\/comments?post=870"}],"version-history":[{"count":15,"href":"https:\/\/rbz.org.br\/pt-br\/wp-json\/wp\/v2\/pages\/870\/revisions"}],"predecessor-version":[{"id":12009,"href":"https:\/\/rbz.org.br\/pt-br\/wp-json\/wp\/v2\/pages\/870\/revisions\/12009"}],"wp:attachment":[{"href":"https:\/\/rbz.org.br\/pt-br\/wp-json\/wp\/v2\/media?parent=870"}],"curies":[{"name":"wp","href":"https:\/\/api.w.org\/{rel}","templated":true}]}}