{"id":11898,"date":"2024-05-24T10:14:59","date_gmt":"2024-05-24T13:14:59","guid":{"rendered":"https:\/\/rbz.org.br\/?page_id=11898"},"modified":"2024-05-29T09:39:41","modified_gmt":"2024-05-29T12:39:41","slug":"cover-letter","status":"publish","type":"page","link":"https:\/\/rbz.org.br\/pt-br\/cover-letter\/","title":{"rendered":"Carta de apresenta\u00e7\u00e3o"},"content":{"rendered":"<p>O autor correspondente deve redigir uma carta de apresenta\u00e7\u00e3o (<em>cover letter<\/em>) que descreva raz\u00f5es convincentes para o editor considerar a publica\u00e7\u00e3o do manuscrito submetido. A carta deve abordar os seguintes elementos:<\/p>\n<p>T\u00edtulo do manuscrito e nome do autor correspondente.<br \/>\nRelev\u00e2ncia: Descreva resumidamente a relev\u00e2ncia do tema estudado.<br \/>\nNovidade e originalidade: Destaque quaisquer aspectos novos do trabalho e a originalidade da pesquisa.<br \/>\nPrincipais conclus\u00f5es: Resuma as principais conclus\u00f5es do estudo.<br \/>\nConstata\u00e7\u00f5es adicionais: Mencione quaisquer resultados adicionais de menor relev\u00e2ncia.<br \/>\nImplica\u00e7\u00f5es: Discuta as implica\u00e7\u00f5es dos resultados do estudo.<br \/>\nPatentes: Informar sobre quaisquer patentes relacionadas ao estudo, se aplic\u00e1vel.<br \/>\nDeclara\u00e7\u00e3o de conflito de interesses: Incluir declara\u00e7\u00e3o caso haja algum conflito de interesses (seja financeiro, pessoal, comercial, pol\u00edtico, institucional ou acad\u00eamico) que possa influenciar a publica\u00e7\u00e3o do manuscrito.<br \/>\nPublica\u00e7\u00e3o pr\u00e9via: Se alguma parte do estudo tiver sido publicada anteriormente, descreva esses casos como resultados preliminares ou publica\u00e7\u00f5es parciais, incluindo o local, evento e data. Caso contr\u00e1rio, afirme que o estudo \u00e9 original e n\u00e3o foi publicado parcial ou integralmente.<br \/>\nUso de ferramentas de IA: Indique explicitamente se alguma ferramenta de IA foi utilizada na prepara\u00e7\u00e3o do manuscrito, principalmente no processo de reda\u00e7\u00e3o.<\/p>\n<p>O documento deve ser assinado pelo autor correspondente, digitalizado e submetido no sistema ScholarOne no passo 6.<\/p>\n<p><strong>Os manuscritos n\u00e3o ser\u00e3o avaliados sem uma <em>cover letter <\/em>adequada.<\/strong><\/p>\n","protected":false},"excerpt":{"rendered":"<p>O autor correspondente deve redigir uma carta de apresenta\u00e7\u00e3o (cover letter) que descreva raz\u00f5es convincentes para o editor considerar a publica\u00e7\u00e3o do manuscrito submetido. A carta deve abordar os seguintes elementos: T\u00edtulo do manuscrito e nome do autor correspondente. Relev\u00e2ncia: Descreva resumidamente a relev\u00e2ncia do tema estudado. Novidade e originalidade: Destaque quaisquer aspectos novos do trabalho e a originalidade da pesquisa. Principais conclus\u00f5es: Resuma as principais conclus\u00f5es do estudo. Constata\u00e7\u00f5es adicionais: Mencione quaisquer resultados adicionais de menor relev\u00e2ncia. Implica\u00e7\u00f5es: Discuta [&#8230;]<\/p>\n","protected":false},"author":2,"featured_media":0,"parent":0,"menu_order":0,"comment_status":"closed","ping_status":"closed","template":"","meta":{"footnotes":""},"class_list":["post-11898","page","type-page","status-publish","hentry"],"yoast_head":"<!-- This site is optimized with the Yoast SEO plugin v26.9 - https:\/\/yoast.com\/product\/yoast-seo-wordpress\/ -->\n<title>Carta de apresenta\u00e7\u00e3o - Revista Brasileira de Zootecnia<\/title>\n<meta name=\"robots\" content=\"index, follow, max-snippet:-1, max-image-preview:large, max-video-preview:-1\" \/>\n<link rel=\"canonical\" href=\"https:\/\/rbz.org.br\/pt-br\/cover-letter\/\" \/>\n<meta property=\"og:locale\" content=\"pt_BR\" \/>\n<meta property=\"og:type\" content=\"article\" \/>\n<meta property=\"og:title\" content=\"Carta de apresenta\u00e7\u00e3o - Revista Brasileira de Zootecnia\" \/>\n<meta property=\"og:description\" content=\"O autor correspondente deve redigir uma carta de apresenta\u00e7\u00e3o (cover letter) que descreva raz\u00f5es convincentes para o editor considerar a publica\u00e7\u00e3o do manuscrito submetido. A carta deve abordar os seguintes elementos: T\u00edtulo do manuscrito e nome do autor correspondente. Relev\u00e2ncia: Descreva resumidamente a relev\u00e2ncia do tema estudado. Novidade e originalidade: Destaque quaisquer aspectos novos do trabalho e a originalidade da pesquisa. Principais conclus\u00f5es: Resuma as principais conclus\u00f5es do estudo. Constata\u00e7\u00f5es adicionais: Mencione quaisquer resultados adicionais de menor relev\u00e2ncia. Implica\u00e7\u00f5es: Discuta [...]\" \/>\n<meta property=\"og:url\" content=\"https:\/\/rbz.org.br\/pt-br\/cover-letter\/\" \/>\n<meta property=\"og:site_name\" content=\"Revista Brasileira de Zootecnia\" \/>\n<meta property=\"article:publisher\" content=\"https:\/\/www.facebook.com\/rbz.bjas\" \/>\n<meta property=\"article:modified_time\" content=\"2024-05-29T12:39:41+00:00\" \/>\n<meta property=\"og:image\" content=\"https:\/\/rbz.org.br\/wp-content\/uploads\/2018\/06\/rbz.png\" \/>\n\t<meta property=\"og:image:width\" content=\"324\" \/>\n\t<meta property=\"og:image:height\" content=\"135\" \/>\n\t<meta property=\"og:image:type\" content=\"image\/png\" \/>\n<meta name=\"twitter:card\" content=\"summary_large_image\" \/>\n<meta name=\"twitter:site\" content=\"@rbz_bjas\" \/>\n<meta name=\"twitter:label1\" content=\"Est. tempo de leitura\" \/>\n\t<meta name=\"twitter:data1\" content=\"2 minutos\" \/>\n<script type=\"application\/ld+json\" class=\"yoast-schema-graph\">{\"@context\":\"https:\/\/schema.org\",\"@graph\":[{\"@type\":\"WebPage\",\"@id\":\"https:\/\/rbz.org.br\/pt-br\/cover-letter\/\",\"url\":\"https:\/\/rbz.org.br\/pt-br\/cover-letter\/\",\"name\":\"Carta de apresenta\u00e7\u00e3o - Revista Brasileira de Zootecnia\",\"isPartOf\":{\"@id\":\"https:\/\/rbz.org.br\/#website\"},\"datePublished\":\"2024-05-24T13:14:59+00:00\",\"dateModified\":\"2024-05-29T12:39:41+00:00\",\"breadcrumb\":{\"@id\":\"https:\/\/rbz.org.br\/pt-br\/cover-letter\/#breadcrumb\"},\"inLanguage\":\"pt-BR\",\"potentialAction\":[{\"@type\":\"ReadAction\",\"target\":[\"https:\/\/rbz.org.br\/pt-br\/cover-letter\/\"]}]},{\"@type\":\"BreadcrumbList\",\"@id\":\"https:\/\/rbz.org.br\/pt-br\/cover-letter\/#breadcrumb\",\"itemListElement\":[{\"@type\":\"ListItem\",\"position\":1,\"name\":\"Home\",\"item\":\"https:\/\/rbz.org.br\/pt-br\/\"},{\"@type\":\"ListItem\",\"position\":2,\"name\":\"Carta de apresenta\u00e7\u00e3o\"}]},{\"@type\":\"WebSite\",\"@id\":\"https:\/\/rbz.org.br\/#website\",\"url\":\"https:\/\/rbz.org.br\/\",\"name\":\"Revista Brasileira de Zootecnia\",\"description\":\"A &lt;em&gt;Revista Brasileira de Zootecnia&lt;\/em&gt; \u00e9 uma publica\u00e7\u00e3o dedicada ao amplo campo da Zootecnia. Publicamos pesquisas cient\u00edficas originais e de alta qualidade que abrangem v\u00e1rias \u00e1reas, incluindo aquicultura, biometeorologia e bem-estar animal, forragens e pastagens, melhoramento e gen\u00e9tica de plantas forrageiras e animais, reprodu\u00e7\u00e3o animal, nutri\u00e7\u00e3o de ruminantes e n\u00e3o-ruminantes, ci\u00eancia da carne e biologia muscular, zootecnia de precis\u00e3o e sistemas de produ\u00e7\u00e3o animal e agroneg\u00f3cio.\",\"publisher\":{\"@id\":\"https:\/\/rbz.org.br\/#organization\"},\"potentialAction\":[{\"@type\":\"SearchAction\",\"target\":{\"@type\":\"EntryPoint\",\"urlTemplate\":\"https:\/\/rbz.org.br\/?s={search_term_string}\"},\"query-input\":{\"@type\":\"PropertyValueSpecification\",\"valueRequired\":true,\"valueName\":\"search_term_string\"}}],\"inLanguage\":\"pt-BR\"},{\"@type\":\"Organization\",\"@id\":\"https:\/\/rbz.org.br\/#organization\",\"name\":\"Revista Brasileira de Zootecnia\",\"url\":\"https:\/\/rbz.org.br\/\",\"logo\":{\"@type\":\"ImageObject\",\"inLanguage\":\"pt-BR\",\"@id\":\"https:\/\/rbz.org.br\/#\/schema\/logo\/image\/\",\"url\":\"https:\/\/www.rbz.org.br\/wp-content\/uploads\/2018\/06\/rbz.png\",\"contentUrl\":\"https:\/\/www.rbz.org.br\/wp-content\/uploads\/2018\/06\/rbz.png\",\"width\":324,\"height\":135,\"caption\":\"Revista Brasileira de Zootecnia\"},\"image\":{\"@id\":\"https:\/\/rbz.org.br\/#\/schema\/logo\/image\/\"},\"sameAs\":[\"https:\/\/www.facebook.com\/rbz.bjas\",\"https:\/\/x.com\/rbz_bjas\"]}]}<\/script>\n<!-- \/ Yoast SEO plugin. -->","yoast_head_json":{"title":"Carta de apresenta\u00e7\u00e3o - Revista Brasileira de Zootecnia","robots":{"index":"index","follow":"follow","max-snippet":"max-snippet:-1","max-image-preview":"max-image-preview:large","max-video-preview":"max-video-preview:-1"},"canonical":"https:\/\/rbz.org.br\/pt-br\/cover-letter\/","og_locale":"pt_BR","og_type":"article","og_title":"Carta de apresenta\u00e7\u00e3o - Revista Brasileira de Zootecnia","og_description":"O autor correspondente deve redigir uma carta de apresenta\u00e7\u00e3o (cover letter) que descreva raz\u00f5es convincentes para o editor considerar a publica\u00e7\u00e3o do manuscrito submetido. A carta deve abordar os seguintes elementos: T\u00edtulo do manuscrito e nome do autor correspondente. Relev\u00e2ncia: Descreva resumidamente a relev\u00e2ncia do tema estudado. Novidade e originalidade: Destaque quaisquer aspectos novos do trabalho e a originalidade da pesquisa. Principais conclus\u00f5es: Resuma as principais conclus\u00f5es do estudo. Constata\u00e7\u00f5es adicionais: Mencione quaisquer resultados adicionais de menor relev\u00e2ncia. Implica\u00e7\u00f5es: Discuta [...]","og_url":"https:\/\/rbz.org.br\/pt-br\/cover-letter\/","og_site_name":"Revista Brasileira de Zootecnia","article_publisher":"https:\/\/www.facebook.com\/rbz.bjas","article_modified_time":"2024-05-29T12:39:41+00:00","og_image":[{"width":324,"height":135,"url":"https:\/\/rbz.org.br\/wp-content\/uploads\/2018\/06\/rbz.png","type":"image\/png"}],"twitter_card":"summary_large_image","twitter_site":"@rbz_bjas","twitter_misc":{"Est. tempo de leitura":"2 minutos"},"schema":{"@context":"https:\/\/schema.org","@graph":[{"@type":"WebPage","@id":"https:\/\/rbz.org.br\/pt-br\/cover-letter\/","url":"https:\/\/rbz.org.br\/pt-br\/cover-letter\/","name":"Carta de apresenta\u00e7\u00e3o - Revista Brasileira de Zootecnia","isPartOf":{"@id":"https:\/\/rbz.org.br\/#website"},"datePublished":"2024-05-24T13:14:59+00:00","dateModified":"2024-05-29T12:39:41+00:00","breadcrumb":{"@id":"https:\/\/rbz.org.br\/pt-br\/cover-letter\/#breadcrumb"},"inLanguage":"pt-BR","potentialAction":[{"@type":"ReadAction","target":["https:\/\/rbz.org.br\/pt-br\/cover-letter\/"]}]},{"@type":"BreadcrumbList","@id":"https:\/\/rbz.org.br\/pt-br\/cover-letter\/#breadcrumb","itemListElement":[{"@type":"ListItem","position":1,"name":"Home","item":"https:\/\/rbz.org.br\/pt-br\/"},{"@type":"ListItem","position":2,"name":"Carta de apresenta\u00e7\u00e3o"}]},{"@type":"WebSite","@id":"https:\/\/rbz.org.br\/#website","url":"https:\/\/rbz.org.br\/","name":"Revista Brasileira de Zootecnia","description":"A &lt;em&gt;Revista Brasileira de Zootecnia&lt;\/em&gt; \u00e9 uma publica\u00e7\u00e3o dedicada ao amplo campo da Zootecnia. Publicamos pesquisas cient\u00edficas originais e de alta qualidade que abrangem v\u00e1rias \u00e1reas, incluindo aquicultura, biometeorologia e bem-estar animal, forragens e pastagens, melhoramento e gen\u00e9tica de plantas forrageiras e animais, reprodu\u00e7\u00e3o animal, nutri\u00e7\u00e3o de ruminantes e n\u00e3o-ruminantes, ci\u00eancia da carne e biologia muscular, zootecnia de precis\u00e3o e sistemas de produ\u00e7\u00e3o animal e agroneg\u00f3cio.","publisher":{"@id":"https:\/\/rbz.org.br\/#organization"},"potentialAction":[{"@type":"SearchAction","target":{"@type":"EntryPoint","urlTemplate":"https:\/\/rbz.org.br\/?s={search_term_string}"},"query-input":{"@type":"PropertyValueSpecification","valueRequired":true,"valueName":"search_term_string"}}],"inLanguage":"pt-BR"},{"@type":"Organization","@id":"https:\/\/rbz.org.br\/#organization","name":"Revista Brasileira de Zootecnia","url":"https:\/\/rbz.org.br\/","logo":{"@type":"ImageObject","inLanguage":"pt-BR","@id":"https:\/\/rbz.org.br\/#\/schema\/logo\/image\/","url":"https:\/\/www.rbz.org.br\/wp-content\/uploads\/2018\/06\/rbz.png","contentUrl":"https:\/\/www.rbz.org.br\/wp-content\/uploads\/2018\/06\/rbz.png","width":324,"height":135,"caption":"Revista Brasileira de Zootecnia"},"image":{"@id":"https:\/\/rbz.org.br\/#\/schema\/logo\/image\/"},"sameAs":["https:\/\/www.facebook.com\/rbz.bjas","https:\/\/x.com\/rbz_bjas"]}]}},"_links":{"self":[{"href":"https:\/\/rbz.org.br\/pt-br\/wp-json\/wp\/v2\/pages\/11898","targetHints":{"allow":["GET"]}}],"collection":[{"href":"https:\/\/rbz.org.br\/pt-br\/wp-json\/wp\/v2\/pages"}],"about":[{"href":"https:\/\/rbz.org.br\/pt-br\/wp-json\/wp\/v2\/types\/page"}],"author":[{"embeddable":true,"href":"https:\/\/rbz.org.br\/pt-br\/wp-json\/wp\/v2\/users\/2"}],"replies":[{"embeddable":true,"href":"https:\/\/rbz.org.br\/pt-br\/wp-json\/wp\/v2\/comments?post=11898"}],"version-history":[{"count":5,"href":"https:\/\/rbz.org.br\/pt-br\/wp-json\/wp\/v2\/pages\/11898\/revisions"}],"predecessor-version":[{"id":11995,"href":"https:\/\/rbz.org.br\/pt-br\/wp-json\/wp\/v2\/pages\/11898\/revisions\/11995"}],"wp:attachment":[{"href":"https:\/\/rbz.org.br\/pt-br\/wp-json\/wp\/v2\/media?parent=11898"}],"curies":[{"name":"wp","href":"https:\/\/api.w.org\/{rel}","templated":true}]}}