{"id":1170,"date":"2018-08-03T10:27:44","date_gmt":"2018-08-03T13:27:44","guid":{"rendered":"https:\/\/www.rbz.org.br\/?page_id=1170"},"modified":"2022-03-16T10:57:55","modified_gmt":"2022-03-16T13:57:55","slug":"instrucoes-aos-revisores","status":"publish","type":"page","link":"https:\/\/rbz.org.br\/pt-br\/instrucoes-aos-revisores\/","title":{"rendered":"Instru\u00e7\u00f5es aos revisores"},"content":{"rendered":"<p>Ao concordar em revisar um manuscrito, responda a todas as perguntas. Na p\u00e1gina de revis\u00e3o, h\u00e1 um espa\u00e7o para &#8220;Coment\u00e1rios ao Editor&#8221; e outro para &#8220;Coment\u00e1rios ao Autor&#8221;. Certifique-se de colocar seus coment\u00e1rios para o autor no espa\u00e7o apropriado. Ao escrever coment\u00e1rios\/corre\u00e7\u00f5es aos autores, por favor, indique-os como no exemplo a seguir:<\/p>\n<p><em>P\u00e1gina 4, par\u00e1grafo 3, linhas 46 a 47: forne\u00e7a mais detalhes sobre o processo de an\u00e1lise usado no experimento.<\/em><\/p>\n<p>Por favor, N\u00c3O envie o arquivo PDF do manuscrito com coment\u00e1rios porque o nome do seu computador (ou seu nome\/iniciais) pode aparecer nos coment\u00e1rios. Em vez disso, envie os coment\u00e1rios SOMENTE da maneira indicada acima.<\/p>\n<p>Certifique-se de n\u00e3o solicitar dos autores nenhuma corre\u00e7\u00e3o fora das <a href=\"https:\/\/www.rbz.org.br\/instructions-authors\/\">normas de submiss\u00e3o<\/a>. As diretrizes a seguir tamb\u00e9m fazem parte do processo de revis\u00e3o. Recomendamos que voc\u00ea as leia para verificar se o manuscrito est\u00e1 de acordo:<\/p>\n<p><span style=\"color: #0000ff;\"><a style=\"color: #0000ff;\" href=\"https:\/\/www.rbz.org.br\/wp-content\/uploads\/2018\/08\/percentage1.pdf\"><strong>Additional guidelines for style and units &#8211; Use of percentage<\/strong><\/a><\/span><\/p>\n<p><span style=\"color: #0000ff;\"><strong><a style=\"color: #0000ff;\" href=\"https:\/\/www.rbz.org.br\/wp-content\/uploads\/2018\/08\/units.pdf\">Additional guidelines for style and units &#8211; Representation of dispersion<\/a><\/strong><\/span><\/p>\n<p><span style=\"color: #0000ff;\"><strong><a style=\"color: #0000ff;\" href=\"https:\/\/www.rbz.org.br\/wp-content\/uploads\/2018\/08\/abbreviation1.pdf\">Additional guidelines for style and units &#8211; Abbreviation<\/a><\/strong><\/span><\/p>\n","protected":false},"excerpt":{"rendered":"<p>Ao concordar em revisar um manuscrito, responda a todas as perguntas. Na p\u00e1gina de revis\u00e3o, h\u00e1 um espa\u00e7o para &#8220;Coment\u00e1rios ao Editor&#8221; e outro para &#8220;Coment\u00e1rios ao Autor&#8221;. Certifique-se de colocar seus coment\u00e1rios para o autor no espa\u00e7o apropriado. Ao escrever coment\u00e1rios\/corre\u00e7\u00f5es aos autores, por favor, indique-os como no exemplo a seguir: P\u00e1gina 4, par\u00e1grafo 3, linhas 46 a 47: forne\u00e7a mais detalhes sobre o processo de an\u00e1lise usado no experimento. Por favor, N\u00c3O envie o arquivo PDF do manuscrito [&#8230;]<\/p>\n","protected":false},"author":2,"featured_media":0,"parent":0,"menu_order":0,"comment_status":"closed","ping_status":"closed","template":"","meta":{"footnotes":""},"class_list":["post-1170","page","type-page","status-publish","hentry"],"yoast_head":"<!-- This site is optimized with the Yoast SEO plugin v26.9 - https:\/\/yoast.com\/product\/yoast-seo-wordpress\/ -->\n<title>Instru\u00e7\u00f5es aos revisores - Revista Brasileira de Zootecnia<\/title>\n<meta name=\"robots\" content=\"index, follow, max-snippet:-1, max-image-preview:large, max-video-preview:-1\" \/>\n<link rel=\"canonical\" href=\"https:\/\/rbz.org.br\/pt-br\/instrucoes-aos-revisores\/\" \/>\n<meta property=\"og:locale\" content=\"pt_BR\" \/>\n<meta property=\"og:type\" content=\"article\" \/>\n<meta property=\"og:title\" content=\"Instru\u00e7\u00f5es aos revisores - Revista Brasileira de Zootecnia\" \/>\n<meta property=\"og:description\" content=\"Ao concordar em revisar um manuscrito, responda a todas as perguntas. Na p\u00e1gina de revis\u00e3o, h\u00e1 um espa\u00e7o para &#8220;Coment\u00e1rios ao Editor&#8221; e outro para &#8220;Coment\u00e1rios ao Autor&#8221;. Certifique-se de colocar seus coment\u00e1rios para o autor no espa\u00e7o apropriado. Ao escrever coment\u00e1rios\/corre\u00e7\u00f5es aos autores, por favor, indique-os como no exemplo a seguir: P\u00e1gina 4, par\u00e1grafo 3, linhas 46 a 47: forne\u00e7a mais detalhes sobre o processo de an\u00e1lise usado no experimento. Por favor, N\u00c3O envie o arquivo PDF do manuscrito [...]\" \/>\n<meta property=\"og:url\" content=\"https:\/\/rbz.org.br\/pt-br\/instrucoes-aos-revisores\/\" \/>\n<meta property=\"og:site_name\" content=\"Revista Brasileira de Zootecnia\" \/>\n<meta property=\"article:publisher\" content=\"https:\/\/www.facebook.com\/rbz.bjas\" \/>\n<meta property=\"article:modified_time\" content=\"2022-03-16T13:57:55+00:00\" \/>\n<meta property=\"og:image\" content=\"https:\/\/rbz.org.br\/wp-content\/uploads\/2018\/06\/rbz.png\" \/>\n\t<meta property=\"og:image:width\" content=\"324\" \/>\n\t<meta property=\"og:image:height\" content=\"135\" \/>\n\t<meta property=\"og:image:type\" content=\"image\/png\" \/>\n<meta name=\"twitter:card\" content=\"summary_large_image\" \/>\n<meta name=\"twitter:site\" content=\"@rbz_bjas\" \/>\n<meta name=\"twitter:label1\" content=\"Est. tempo de leitura\" \/>\n\t<meta name=\"twitter:data1\" content=\"1 minuto\" \/>\n<script type=\"application\/ld+json\" class=\"yoast-schema-graph\">{\"@context\":\"https:\/\/schema.org\",\"@graph\":[{\"@type\":\"WebPage\",\"@id\":\"https:\/\/rbz.org.br\/pt-br\/instrucoes-aos-revisores\/\",\"url\":\"https:\/\/rbz.org.br\/pt-br\/instrucoes-aos-revisores\/\",\"name\":\"Instru\u00e7\u00f5es aos revisores - Revista Brasileira de Zootecnia\",\"isPartOf\":{\"@id\":\"https:\/\/rbz.org.br\/#website\"},\"datePublished\":\"2018-08-03T13:27:44+00:00\",\"dateModified\":\"2022-03-16T13:57:55+00:00\",\"breadcrumb\":{\"@id\":\"https:\/\/rbz.org.br\/pt-br\/instrucoes-aos-revisores\/#breadcrumb\"},\"inLanguage\":\"pt-BR\",\"potentialAction\":[{\"@type\":\"ReadAction\",\"target\":[\"https:\/\/rbz.org.br\/pt-br\/instrucoes-aos-revisores\/\"]}]},{\"@type\":\"BreadcrumbList\",\"@id\":\"https:\/\/rbz.org.br\/pt-br\/instrucoes-aos-revisores\/#breadcrumb\",\"itemListElement\":[{\"@type\":\"ListItem\",\"position\":1,\"name\":\"Home\",\"item\":\"https:\/\/rbz.org.br\/pt-br\/\"},{\"@type\":\"ListItem\",\"position\":2,\"name\":\"Instru\u00e7\u00f5es aos revisores\"}]},{\"@type\":\"WebSite\",\"@id\":\"https:\/\/rbz.org.br\/#website\",\"url\":\"https:\/\/rbz.org.br\/\",\"name\":\"Revista Brasileira de Zootecnia\",\"description\":\"A &lt;em&gt;Revista Brasileira de Zootecnia&lt;\/em&gt; \u00e9 uma publica\u00e7\u00e3o dedicada ao amplo campo da Zootecnia. Publicamos pesquisas cient\u00edficas originais e de alta qualidade que abrangem v\u00e1rias \u00e1reas, incluindo aquicultura, biometeorologia e bem-estar animal, forragens e pastagens, melhoramento e gen\u00e9tica de plantas forrageiras e animais, reprodu\u00e7\u00e3o animal, nutri\u00e7\u00e3o de ruminantes e n\u00e3o-ruminantes, ci\u00eancia da carne e biologia muscular, zootecnia de precis\u00e3o e sistemas de produ\u00e7\u00e3o animal e agroneg\u00f3cio.\",\"publisher\":{\"@id\":\"https:\/\/rbz.org.br\/#organization\"},\"potentialAction\":[{\"@type\":\"SearchAction\",\"target\":{\"@type\":\"EntryPoint\",\"urlTemplate\":\"https:\/\/rbz.org.br\/?s={search_term_string}\"},\"query-input\":{\"@type\":\"PropertyValueSpecification\",\"valueRequired\":true,\"valueName\":\"search_term_string\"}}],\"inLanguage\":\"pt-BR\"},{\"@type\":\"Organization\",\"@id\":\"https:\/\/rbz.org.br\/#organization\",\"name\":\"Revista Brasileira de Zootecnia\",\"url\":\"https:\/\/rbz.org.br\/\",\"logo\":{\"@type\":\"ImageObject\",\"inLanguage\":\"pt-BR\",\"@id\":\"https:\/\/rbz.org.br\/#\/schema\/logo\/image\/\",\"url\":\"https:\/\/www.rbz.org.br\/wp-content\/uploads\/2018\/06\/rbz.png\",\"contentUrl\":\"https:\/\/www.rbz.org.br\/wp-content\/uploads\/2018\/06\/rbz.png\",\"width\":324,\"height\":135,\"caption\":\"Revista Brasileira de Zootecnia\"},\"image\":{\"@id\":\"https:\/\/rbz.org.br\/#\/schema\/logo\/image\/\"},\"sameAs\":[\"https:\/\/www.facebook.com\/rbz.bjas\",\"https:\/\/x.com\/rbz_bjas\"]}]}<\/script>\n<!-- \/ Yoast SEO plugin. -->","yoast_head_json":{"title":"Instru\u00e7\u00f5es aos revisores - Revista Brasileira de Zootecnia","robots":{"index":"index","follow":"follow","max-snippet":"max-snippet:-1","max-image-preview":"max-image-preview:large","max-video-preview":"max-video-preview:-1"},"canonical":"https:\/\/rbz.org.br\/pt-br\/instrucoes-aos-revisores\/","og_locale":"pt_BR","og_type":"article","og_title":"Instru\u00e7\u00f5es aos revisores - Revista Brasileira de Zootecnia","og_description":"Ao concordar em revisar um manuscrito, responda a todas as perguntas. Na p\u00e1gina de revis\u00e3o, h\u00e1 um espa\u00e7o para &#8220;Coment\u00e1rios ao Editor&#8221; e outro para &#8220;Coment\u00e1rios ao Autor&#8221;. Certifique-se de colocar seus coment\u00e1rios para o autor no espa\u00e7o apropriado. Ao escrever coment\u00e1rios\/corre\u00e7\u00f5es aos autores, por favor, indique-os como no exemplo a seguir: P\u00e1gina 4, par\u00e1grafo 3, linhas 46 a 47: forne\u00e7a mais detalhes sobre o processo de an\u00e1lise usado no experimento. Por favor, N\u00c3O envie o arquivo PDF do manuscrito [...]","og_url":"https:\/\/rbz.org.br\/pt-br\/instrucoes-aos-revisores\/","og_site_name":"Revista Brasileira de Zootecnia","article_publisher":"https:\/\/www.facebook.com\/rbz.bjas","article_modified_time":"2022-03-16T13:57:55+00:00","og_image":[{"width":324,"height":135,"url":"https:\/\/rbz.org.br\/wp-content\/uploads\/2018\/06\/rbz.png","type":"image\/png"}],"twitter_card":"summary_large_image","twitter_site":"@rbz_bjas","twitter_misc":{"Est. tempo de leitura":"1 minuto"},"schema":{"@context":"https:\/\/schema.org","@graph":[{"@type":"WebPage","@id":"https:\/\/rbz.org.br\/pt-br\/instrucoes-aos-revisores\/","url":"https:\/\/rbz.org.br\/pt-br\/instrucoes-aos-revisores\/","name":"Instru\u00e7\u00f5es aos revisores - Revista Brasileira de Zootecnia","isPartOf":{"@id":"https:\/\/rbz.org.br\/#website"},"datePublished":"2018-08-03T13:27:44+00:00","dateModified":"2022-03-16T13:57:55+00:00","breadcrumb":{"@id":"https:\/\/rbz.org.br\/pt-br\/instrucoes-aos-revisores\/#breadcrumb"},"inLanguage":"pt-BR","potentialAction":[{"@type":"ReadAction","target":["https:\/\/rbz.org.br\/pt-br\/instrucoes-aos-revisores\/"]}]},{"@type":"BreadcrumbList","@id":"https:\/\/rbz.org.br\/pt-br\/instrucoes-aos-revisores\/#breadcrumb","itemListElement":[{"@type":"ListItem","position":1,"name":"Home","item":"https:\/\/rbz.org.br\/pt-br\/"},{"@type":"ListItem","position":2,"name":"Instru\u00e7\u00f5es aos revisores"}]},{"@type":"WebSite","@id":"https:\/\/rbz.org.br\/#website","url":"https:\/\/rbz.org.br\/","name":"Revista Brasileira de Zootecnia","description":"A &lt;em&gt;Revista Brasileira de Zootecnia&lt;\/em&gt; \u00e9 uma publica\u00e7\u00e3o dedicada ao amplo campo da Zootecnia. Publicamos pesquisas cient\u00edficas originais e de alta qualidade que abrangem v\u00e1rias \u00e1reas, incluindo aquicultura, biometeorologia e bem-estar animal, forragens e pastagens, melhoramento e gen\u00e9tica de plantas forrageiras e animais, reprodu\u00e7\u00e3o animal, nutri\u00e7\u00e3o de ruminantes e n\u00e3o-ruminantes, ci\u00eancia da carne e biologia muscular, zootecnia de precis\u00e3o e sistemas de produ\u00e7\u00e3o animal e agroneg\u00f3cio.","publisher":{"@id":"https:\/\/rbz.org.br\/#organization"},"potentialAction":[{"@type":"SearchAction","target":{"@type":"EntryPoint","urlTemplate":"https:\/\/rbz.org.br\/?s={search_term_string}"},"query-input":{"@type":"PropertyValueSpecification","valueRequired":true,"valueName":"search_term_string"}}],"inLanguage":"pt-BR"},{"@type":"Organization","@id":"https:\/\/rbz.org.br\/#organization","name":"Revista Brasileira de Zootecnia","url":"https:\/\/rbz.org.br\/","logo":{"@type":"ImageObject","inLanguage":"pt-BR","@id":"https:\/\/rbz.org.br\/#\/schema\/logo\/image\/","url":"https:\/\/www.rbz.org.br\/wp-content\/uploads\/2018\/06\/rbz.png","contentUrl":"https:\/\/www.rbz.org.br\/wp-content\/uploads\/2018\/06\/rbz.png","width":324,"height":135,"caption":"Revista Brasileira de Zootecnia"},"image":{"@id":"https:\/\/rbz.org.br\/#\/schema\/logo\/image\/"},"sameAs":["https:\/\/www.facebook.com\/rbz.bjas","https:\/\/x.com\/rbz_bjas"]}]}},"_links":{"self":[{"href":"https:\/\/rbz.org.br\/pt-br\/wp-json\/wp\/v2\/pages\/1170","targetHints":{"allow":["GET"]}}],"collection":[{"href":"https:\/\/rbz.org.br\/pt-br\/wp-json\/wp\/v2\/pages"}],"about":[{"href":"https:\/\/rbz.org.br\/pt-br\/wp-json\/wp\/v2\/types\/page"}],"author":[{"embeddable":true,"href":"https:\/\/rbz.org.br\/pt-br\/wp-json\/wp\/v2\/users\/2"}],"replies":[{"embeddable":true,"href":"https:\/\/rbz.org.br\/pt-br\/wp-json\/wp\/v2\/comments?post=1170"}],"version-history":[{"count":7,"href":"https:\/\/rbz.org.br\/pt-br\/wp-json\/wp\/v2\/pages\/1170\/revisions"}],"predecessor-version":[{"id":1222,"href":"https:\/\/rbz.org.br\/pt-br\/wp-json\/wp\/v2\/pages\/1170\/revisions\/1222"}],"wp:attachment":[{"href":"https:\/\/rbz.org.br\/pt-br\/wp-json\/wp\/v2\/media?parent=1170"}],"curies":[{"name":"wp","href":"https:\/\/api.w.org\/{rel}","templated":true}]}}