{"id":1140,"date":"2024-05-29T09:59:08","date_gmt":"2024-05-29T12:59:08","guid":{"rendered":"https:\/\/www.rbz.org.br\/?page_id=1140"},"modified":"2024-05-29T09:59:29","modified_gmt":"2024-05-29T12:59:29","slug":"submissao","status":"publish","type":"page","link":"https:\/\/rbz.org.br\/pt-br\/submissao\/","title":{"rendered":"Submiss\u00e3o de manuscritos"},"content":{"rendered":"<p><strong>O sistema on-line Manuscript Central\u2122 (ScholarOne Manuscripts\u2122)<\/strong><\/p>\n<p>A Revista Brasileira de Zootecnia utiliza um sistema online, o<a href=\"https:\/\/mc04.manuscriptcentral.com\/rbz-scielo\" target=\"_blank\" rel=\"noopener\"> ScholarOne Manuscripts\u2122<\/a>, para gerenciar a submiss\u00e3o e revis\u00e3o por pares dos manuscritos.<\/p>\n<p>No sistema ScholarOne, o autor correspondente encontrar\u00e1 instru\u00e7\u00f5es em cada etapa do processo de submiss\u00e3o.<\/p>\n<p>Se voc\u00ea j\u00e1 possui cadastro no sistema, fa\u00e7a o login.<\/p>\n<p>Clique na aba &#8220;Autor&#8221; =&gt; &#8220;Iniciar nova submiss\u00e3o&#8221; e siga as instru\u00e7\u00f5es de cada etapa.<\/p>\n","protected":false},"excerpt":{"rendered":"<p>O sistema on-line Manuscript Central\u2122 (ScholarOne Manuscripts\u2122) A Revista Brasileira de Zootecnia utiliza um sistema online, o ScholarOne Manuscripts\u2122, para gerenciar a submiss\u00e3o e revis\u00e3o por pares dos manuscritos. No sistema ScholarOne, o autor correspondente encontrar\u00e1 instru\u00e7\u00f5es em cada etapa do processo de submiss\u00e3o. Se voc\u00ea j\u00e1 possui cadastro no sistema, fa\u00e7a o login. Clique na aba &#8220;Autor&#8221; =&gt; &#8220;Iniciar nova submiss\u00e3o&#8221; e siga as instru\u00e7\u00f5es de cada etapa.<\/p>\n","protected":false},"author":2,"featured_media":0,"parent":0,"menu_order":0,"comment_status":"closed","ping_status":"closed","template":"","meta":{"footnotes":""},"class_list":["post-1140","page","type-page","status-publish","hentry"],"yoast_head":"<!-- This site is optimized with the Yoast SEO plugin v26.9 - https:\/\/yoast.com\/product\/yoast-seo-wordpress\/ -->\n<title>Submiss\u00e3o de manuscritos - Revista Brasileira de Zootecnia<\/title>\n<meta name=\"robots\" content=\"index, follow, max-snippet:-1, max-image-preview:large, max-video-preview:-1\" \/>\n<link rel=\"canonical\" href=\"https:\/\/rbz.org.br\/pt-br\/submissao\/\" \/>\n<meta property=\"og:locale\" content=\"pt_BR\" \/>\n<meta property=\"og:type\" content=\"article\" \/>\n<meta property=\"og:title\" content=\"Submiss\u00e3o de manuscritos - Revista Brasileira de Zootecnia\" \/>\n<meta property=\"og:description\" content=\"O sistema on-line Manuscript Central\u2122 (ScholarOne Manuscripts\u2122) A Revista Brasileira de Zootecnia utiliza um sistema online, o ScholarOne Manuscripts\u2122, para gerenciar a submiss\u00e3o e revis\u00e3o por pares dos manuscritos. No sistema ScholarOne, o autor correspondente encontrar\u00e1 instru\u00e7\u00f5es em cada etapa do processo de submiss\u00e3o. Se voc\u00ea j\u00e1 possui cadastro no sistema, fa\u00e7a o login. Clique na aba &#8220;Autor&#8221; =&gt; &#8220;Iniciar nova submiss\u00e3o&#8221; e siga as instru\u00e7\u00f5es de cada etapa.\" \/>\n<meta property=\"og:url\" content=\"https:\/\/rbz.org.br\/pt-br\/submissao\/\" \/>\n<meta property=\"og:site_name\" content=\"Revista Brasileira de Zootecnia\" \/>\n<meta property=\"article:publisher\" content=\"https:\/\/www.facebook.com\/rbz.bjas\" \/>\n<meta property=\"article:modified_time\" content=\"2024-05-29T12:59:29+00:00\" \/>\n<meta property=\"og:image\" content=\"https:\/\/rbz.org.br\/wp-content\/uploads\/2018\/06\/rbz.png\" \/>\n\t<meta property=\"og:image:width\" content=\"324\" \/>\n\t<meta property=\"og:image:height\" content=\"135\" \/>\n\t<meta property=\"og:image:type\" content=\"image\/png\" \/>\n<meta name=\"twitter:card\" content=\"summary_large_image\" \/>\n<meta name=\"twitter:site\" content=\"@rbz_bjas\" \/>\n<meta name=\"twitter:label1\" content=\"Est. tempo de leitura\" \/>\n\t<meta name=\"twitter:data1\" content=\"1 minuto\" \/>\n<script type=\"application\/ld+json\" class=\"yoast-schema-graph\">{\"@context\":\"https:\/\/schema.org\",\"@graph\":[{\"@type\":\"WebPage\",\"@id\":\"https:\/\/rbz.org.br\/pt-br\/submissao\/\",\"url\":\"https:\/\/rbz.org.br\/pt-br\/submissao\/\",\"name\":\"Submiss\u00e3o de manuscritos - Revista Brasileira de Zootecnia\",\"isPartOf\":{\"@id\":\"https:\/\/rbz.org.br\/#website\"},\"datePublished\":\"2024-05-29T12:59:08+00:00\",\"dateModified\":\"2024-05-29T12:59:29+00:00\",\"breadcrumb\":{\"@id\":\"https:\/\/rbz.org.br\/pt-br\/submissao\/#breadcrumb\"},\"inLanguage\":\"pt-BR\",\"potentialAction\":[{\"@type\":\"ReadAction\",\"target\":[\"https:\/\/rbz.org.br\/pt-br\/submissao\/\"]}]},{\"@type\":\"BreadcrumbList\",\"@id\":\"https:\/\/rbz.org.br\/pt-br\/submissao\/#breadcrumb\",\"itemListElement\":[{\"@type\":\"ListItem\",\"position\":1,\"name\":\"Home\",\"item\":\"https:\/\/rbz.org.br\/pt-br\/\"},{\"@type\":\"ListItem\",\"position\":2,\"name\":\"Submiss\u00e3o de manuscritos\"}]},{\"@type\":\"WebSite\",\"@id\":\"https:\/\/rbz.org.br\/#website\",\"url\":\"https:\/\/rbz.org.br\/\",\"name\":\"Revista Brasileira de Zootecnia\",\"description\":\"A &lt;em&gt;Revista Brasileira de Zootecnia&lt;\/em&gt; \u00e9 uma publica\u00e7\u00e3o dedicada ao amplo campo da Zootecnia. Publicamos pesquisas cient\u00edficas originais e de alta qualidade que abrangem v\u00e1rias \u00e1reas, incluindo aquicultura, biometeorologia e bem-estar animal, forragens e pastagens, melhoramento e gen\u00e9tica de plantas forrageiras e animais, reprodu\u00e7\u00e3o animal, nutri\u00e7\u00e3o de ruminantes e n\u00e3o-ruminantes, ci\u00eancia da carne e biologia muscular, zootecnia de precis\u00e3o e sistemas de produ\u00e7\u00e3o animal e agroneg\u00f3cio.\",\"publisher\":{\"@id\":\"https:\/\/rbz.org.br\/#organization\"},\"potentialAction\":[{\"@type\":\"SearchAction\",\"target\":{\"@type\":\"EntryPoint\",\"urlTemplate\":\"https:\/\/rbz.org.br\/?s={search_term_string}\"},\"query-input\":{\"@type\":\"PropertyValueSpecification\",\"valueRequired\":true,\"valueName\":\"search_term_string\"}}],\"inLanguage\":\"pt-BR\"},{\"@type\":\"Organization\",\"@id\":\"https:\/\/rbz.org.br\/#organization\",\"name\":\"Revista Brasileira de Zootecnia\",\"url\":\"https:\/\/rbz.org.br\/\",\"logo\":{\"@type\":\"ImageObject\",\"inLanguage\":\"pt-BR\",\"@id\":\"https:\/\/rbz.org.br\/#\/schema\/logo\/image\/\",\"url\":\"https:\/\/www.rbz.org.br\/wp-content\/uploads\/2018\/06\/rbz.png\",\"contentUrl\":\"https:\/\/www.rbz.org.br\/wp-content\/uploads\/2018\/06\/rbz.png\",\"width\":324,\"height\":135,\"caption\":\"Revista Brasileira de Zootecnia\"},\"image\":{\"@id\":\"https:\/\/rbz.org.br\/#\/schema\/logo\/image\/\"},\"sameAs\":[\"https:\/\/www.facebook.com\/rbz.bjas\",\"https:\/\/x.com\/rbz_bjas\"]}]}<\/script>\n<!-- \/ Yoast SEO plugin. -->","yoast_head_json":{"title":"Submiss\u00e3o de manuscritos - Revista Brasileira de Zootecnia","robots":{"index":"index","follow":"follow","max-snippet":"max-snippet:-1","max-image-preview":"max-image-preview:large","max-video-preview":"max-video-preview:-1"},"canonical":"https:\/\/rbz.org.br\/pt-br\/submissao\/","og_locale":"pt_BR","og_type":"article","og_title":"Submiss\u00e3o de manuscritos - Revista Brasileira de Zootecnia","og_description":"O sistema on-line Manuscript Central\u2122 (ScholarOne Manuscripts\u2122) A Revista Brasileira de Zootecnia utiliza um sistema online, o ScholarOne Manuscripts\u2122, para gerenciar a submiss\u00e3o e revis\u00e3o por pares dos manuscritos. No sistema ScholarOne, o autor correspondente encontrar\u00e1 instru\u00e7\u00f5es em cada etapa do processo de submiss\u00e3o. Se voc\u00ea j\u00e1 possui cadastro no sistema, fa\u00e7a o login. Clique na aba &#8220;Autor&#8221; =&gt; &#8220;Iniciar nova submiss\u00e3o&#8221; e siga as instru\u00e7\u00f5es de cada etapa.","og_url":"https:\/\/rbz.org.br\/pt-br\/submissao\/","og_site_name":"Revista Brasileira de Zootecnia","article_publisher":"https:\/\/www.facebook.com\/rbz.bjas","article_modified_time":"2024-05-29T12:59:29+00:00","og_image":[{"width":324,"height":135,"url":"https:\/\/rbz.org.br\/wp-content\/uploads\/2018\/06\/rbz.png","type":"image\/png"}],"twitter_card":"summary_large_image","twitter_site":"@rbz_bjas","twitter_misc":{"Est. tempo de leitura":"1 minuto"},"schema":{"@context":"https:\/\/schema.org","@graph":[{"@type":"WebPage","@id":"https:\/\/rbz.org.br\/pt-br\/submissao\/","url":"https:\/\/rbz.org.br\/pt-br\/submissao\/","name":"Submiss\u00e3o de manuscritos - Revista Brasileira de Zootecnia","isPartOf":{"@id":"https:\/\/rbz.org.br\/#website"},"datePublished":"2024-05-29T12:59:08+00:00","dateModified":"2024-05-29T12:59:29+00:00","breadcrumb":{"@id":"https:\/\/rbz.org.br\/pt-br\/submissao\/#breadcrumb"},"inLanguage":"pt-BR","potentialAction":[{"@type":"ReadAction","target":["https:\/\/rbz.org.br\/pt-br\/submissao\/"]}]},{"@type":"BreadcrumbList","@id":"https:\/\/rbz.org.br\/pt-br\/submissao\/#breadcrumb","itemListElement":[{"@type":"ListItem","position":1,"name":"Home","item":"https:\/\/rbz.org.br\/pt-br\/"},{"@type":"ListItem","position":2,"name":"Submiss\u00e3o de manuscritos"}]},{"@type":"WebSite","@id":"https:\/\/rbz.org.br\/#website","url":"https:\/\/rbz.org.br\/","name":"Revista Brasileira de Zootecnia","description":"A &lt;em&gt;Revista Brasileira de Zootecnia&lt;\/em&gt; \u00e9 uma publica\u00e7\u00e3o dedicada ao amplo campo da Zootecnia. Publicamos pesquisas cient\u00edficas originais e de alta qualidade que abrangem v\u00e1rias \u00e1reas, incluindo aquicultura, biometeorologia e bem-estar animal, forragens e pastagens, melhoramento e gen\u00e9tica de plantas forrageiras e animais, reprodu\u00e7\u00e3o animal, nutri\u00e7\u00e3o de ruminantes e n\u00e3o-ruminantes, ci\u00eancia da carne e biologia muscular, zootecnia de precis\u00e3o e sistemas de produ\u00e7\u00e3o animal e agroneg\u00f3cio.","publisher":{"@id":"https:\/\/rbz.org.br\/#organization"},"potentialAction":[{"@type":"SearchAction","target":{"@type":"EntryPoint","urlTemplate":"https:\/\/rbz.org.br\/?s={search_term_string}"},"query-input":{"@type":"PropertyValueSpecification","valueRequired":true,"valueName":"search_term_string"}}],"inLanguage":"pt-BR"},{"@type":"Organization","@id":"https:\/\/rbz.org.br\/#organization","name":"Revista Brasileira de Zootecnia","url":"https:\/\/rbz.org.br\/","logo":{"@type":"ImageObject","inLanguage":"pt-BR","@id":"https:\/\/rbz.org.br\/#\/schema\/logo\/image\/","url":"https:\/\/www.rbz.org.br\/wp-content\/uploads\/2018\/06\/rbz.png","contentUrl":"https:\/\/www.rbz.org.br\/wp-content\/uploads\/2018\/06\/rbz.png","width":324,"height":135,"caption":"Revista Brasileira de Zootecnia"},"image":{"@id":"https:\/\/rbz.org.br\/#\/schema\/logo\/image\/"},"sameAs":["https:\/\/www.facebook.com\/rbz.bjas","https:\/\/x.com\/rbz_bjas"]}]}},"_links":{"self":[{"href":"https:\/\/rbz.org.br\/pt-br\/wp-json\/wp\/v2\/pages\/1140","targetHints":{"allow":["GET"]}}],"collection":[{"href":"https:\/\/rbz.org.br\/pt-br\/wp-json\/wp\/v2\/pages"}],"about":[{"href":"https:\/\/rbz.org.br\/pt-br\/wp-json\/wp\/v2\/types\/page"}],"author":[{"embeddable":true,"href":"https:\/\/rbz.org.br\/pt-br\/wp-json\/wp\/v2\/users\/2"}],"replies":[{"embeddable":true,"href":"https:\/\/rbz.org.br\/pt-br\/wp-json\/wp\/v2\/comments?post=1140"}],"version-history":[{"count":7,"href":"https:\/\/rbz.org.br\/pt-br\/wp-json\/wp\/v2\/pages\/1140\/revisions"}],"predecessor-version":[{"id":12004,"href":"https:\/\/rbz.org.br\/pt-br\/wp-json\/wp\/v2\/pages\/1140\/revisions\/12004"}],"wp:attachment":[{"href":"https:\/\/rbz.org.br\/pt-br\/wp-json\/wp\/v2\/media?parent=1140"}],"curies":[{"name":"wp","href":"https:\/\/api.w.org\/{rel}","templated":true}]}}