{"id":1066,"date":"2024-05-23T12:34:02","date_gmt":"2024-05-23T15:34:02","guid":{"rendered":"https:\/\/www.rbz.org.br\/?page_id=1066"},"modified":"2024-05-31T08:39:09","modified_gmt":"2024-05-31T11:39:09","slug":"politica-editorial","status":"publish","type":"page","link":"https:\/\/rbz.org.br\/pt-br\/politica-editorial\/","title":{"rendered":"Foco e escopo"},"content":{"rendered":"<p>A Revista Brasileira de Zootecnia \u00e9 uma publica\u00e7\u00e3o dedicada ao amplo campo da Zootecnia. Publicamos pesquisas cient\u00edficas originais e de alta qualidade que abrangem v\u00e1rias \u00e1reas, incluindo aquicultura, biometeorologia e bem-estar animal, forragens e pastagens, melhoramento e gen\u00e9tica de plantas forrageiras e animais, reprodu\u00e7\u00e3o animal, nutri\u00e7\u00e3o de ruminantes e n\u00e3o-ruminantes, ci\u00eancia da carne e biologia muscular, zootecnia de precis\u00e3o e sistemas de produ\u00e7\u00e3o animal e agroneg\u00f3cio. Ao cobrir esses t\u00f3picos, a RBZ visa atender a um amplo p\u00fablico de pesquisadores, educadores, profissionais e formuladores de pol\u00edticas envolvidos no estudo e na aplica\u00e7\u00e3o da Ci\u00eancia Animal.<\/p>\n<p>Nossa miss\u00e3o \u00e9 promover uma compreens\u00e3o abrangente das complexidades envolvidas na produ\u00e7\u00e3o, manejo e bem-estar animal, contribuindo para o desenvolvimento sustent\u00e1vel da ind\u00fastria animal em todo o mundo. A RBZ serve como um recurso cr\u00edtico para as \u00faltimas descobertas de pesquisas, oferecendo <em>insights<\/em> e implica\u00e7\u00f5es pr\u00e1ticas para todos os envolvidos no campo da Zootecnia.<\/p>\n<p><span id=\"result_box\" class=\"\" lang=\"pt\"><span title=\"The topics covered by the journal in each area are: \">Os t\u00f3picos cobertos pela revista em cada \u00e1rea s\u00e3o:<\/span><\/span><\/p>\n<p><span id=\"result_box\" class=\"\" lang=\"pt\"><span title=\"Aquaculture \"><strong>Aquicultura<\/strong><\/span><\/span><\/p>\n<ul>\n<li><span id=\"result_box\" class=\"\" lang=\"pt\"><span title=\"Nutrition and feeding \">Nutri\u00e7\u00e3o e alimenta\u00e7\u00e3o<\/span><\/span><\/li>\n<li><span id=\"result_box\" class=\"\" lang=\"pt\"><span title=\"Genetics and breeding \">Gen\u00e9tica e melhoramento<\/span><\/span><\/li>\n<li><span id=\"result_box\" class=\"\" lang=\"pt\"><span title=\"Reproduction \">Reprodu\u00e7\u00e3o<\/span><\/span><\/li>\n<li><span id=\"result_box\" class=\"\" lang=\"pt\"><span title=\"Larviculture \">Larvicultura<\/span><\/span><\/li>\n<li><span id=\"result_box\" class=\"\" lang=\"pt\"><span title=\"Fish processing \">Processamento de peixe<\/span><\/span><\/li>\n<\/ul>\n<p><span id=\"result_box\" class=\"\" lang=\"pt\"><span title=\"Biometeorology and animal welfare \"><strong>Biometeorologia e bem-estar animal<\/strong><\/span><\/span><\/p>\n<ul>\n<li><span id=\"result_box\" class=\"\" lang=\"pt\"><span title=\"Animal biometeorology \">Biometeorologia animal<\/span><\/span><\/li>\n<li><span id=\"result_box\" class=\"\" lang=\"pt\"><span title=\"Ambience \">Ambi\u00eancia<\/span><\/span><\/li>\n<li><span id=\"result_box\" class=\"\" lang=\"pt\"><span title=\"Animal behavior and well-being\">Comportamento animal e bem-estar<\/span><\/span><\/li>\n<\/ul>\n<p><span id=\"result_box\" class=\"\" lang=\"pt\"><span title=\"Forage \"><strong>Forragem<\/strong><\/span><\/span><\/p>\n<ul>\n<li><span id=\"result_box\" class=\"\" lang=\"pt\"><span title=\"Methods of conserving and processing feeds \">M\u00e9todos de conserva\u00e7\u00e3o e processamento de ra\u00e7\u00f5es<\/span><\/span><\/li>\n<li><span id=\"result_box\" class=\"\" lang=\"pt\"><span title=\"Soil microbiology and biochemistry \">Microbiologia e bioqu\u00edmica do solo<\/span><\/span><\/li>\n<li><span id=\"result_box\" class=\"\" lang=\"pt\"><span title=\"Forage plant breeding \">Cria\u00e7\u00e3o de plantas forrageiras<\/span><\/span><\/li>\n<li><span id=\"result_box\" class=\"\" lang=\"pt\"><span title=\"Seed production \">Produ\u00e7\u00e3o de sementes<\/span><\/span><\/li>\n<li><span id=\"result_box\" class=\"\" lang=\"pt\"><span title=\"Forage preservation \">Preserva\u00e7\u00e3o de forragem<\/span><\/span><\/li>\n<li><span id=\"result_box\" class=\"\" lang=\"pt\"><span title=\"Grazing management \">Gest\u00e3o de pastoreio<\/span><\/span><\/li>\n<li><span id=\"result_box\" class=\"\" lang=\"pt\"><span title=\"Pasture evaluation and management \">Avalia\u00e7\u00e3o e manejo de pastagens<\/span><\/span><\/li>\n<li><span id=\"result_box\" class=\"\" lang=\"pt\"><span title=\"Toxic plants \">Plantas t\u00f3xicas<\/span><\/span><\/li>\n<li><span id=\"result_box\" class=\"\" lang=\"pt\"><span title=\"Modeling \">Modelagem<\/span><\/span><\/li>\n<li><span id=\"result_box\" class=\"\" lang=\"pt\"><span title=\"Evaluation of cool season forage \">Avalia\u00e7\u00e3o de forragem de esta\u00e7\u00e3o fria<\/span><\/span><\/li>\n<li><span id=\"result_box\" class=\"\" lang=\"pt\"><span title=\"Cacti \">Cactos<\/span><\/span><\/li>\n<li><span id=\"result_box\" class=\"\" lang=\"pt\"><span title=\"Nutrient cycling in grasslands \"><span title=\"Forage cactus \">Cactos forrageiros<\/span><\/span><\/span><\/li>\n<li><span id=\"result_box\" class=\"\" lang=\"pt\"><span title=\"Nutrient cycling in grasslands \">Ciclos de nutrientes em pastagens<\/span><\/span><\/li>\n<li><span id=\"result_box\" class=\"\" lang=\"pt\"><span title=\"Semi-arid \">Semi-\u00e1rido<\/span><\/span><\/li>\n<li><span id=\"result_box\" class=\"\" lang=\"pt\"><span title=\"Evaluation of forage species and cultivars \">Avalia\u00e7\u00e3o de esp\u00e9cies forrageiras e cultivares<\/span><\/span><\/li>\n<li><span id=\"result_box\" class=\"\" lang=\"pt\"><span title=\"Soil fertility \">Fertilidade do solo<\/span><\/span><\/li>\n<li><span id=\"result_box\" class=\"\" lang=\"pt\"><span title=\"Forage physiology \">Fisiologia da forragem<\/span><\/span><\/li>\n<li><span id=\"result_box\" class=\"\" lang=\"pt\"><span title=\"Forage anatomy, morphology, and development \">Anatomia, morfologia e desenvolvimento de forragem<\/span><\/span><\/li>\n<li><span id=\"result_box\" class=\"\" lang=\"pt\"><span title=\"Legumes \">Leguminosas<\/span><\/span><\/li>\n<li><span id=\"result_box\" class=\"\" lang=\"pt\"><span title=\"Biological N2-fixation \">Fixa\u00e7\u00e3o biol\u00f3gica de N2<\/span><\/span><\/li>\n<li><span id=\"result_box\" class=\"\" lang=\"pt\"><span title=\"Rangeland assessment and management \">Avalia\u00e7\u00e3o e gest\u00e3o de pastagens<\/span><\/span><\/li>\n<li><span id=\"result_box\" class=\"\" lang=\"pt\"><span title=\"Forage quality \">Qualidade de forragem<\/span><\/span><\/li>\n<li><span id=\"result_box\" class=\"\" lang=\"pt\"><span title=\"Silvopastoral systems \">Sistemas silvipastoris<\/span><\/span><\/li>\n<li><span id=\"result_box\" class=\"\" lang=\"pt\"><span title=\"Ecosystem services of grasslands \">Servi\u00e7os ecossist\u00e9micos de pradarias<\/span><\/span><\/li>\n<\/ul>\n<p><strong><span id=\"result_box\" class=\"\" lang=\"pt\"><span title=\"Animal breeding genetics and genomics \">Melhoramento, gen\u00e9tica e gen\u00f4mica<br \/>\n<\/span><\/span><\/strong><\/p>\n<ul>\n<li><span id=\"result_box\" class=\"\" lang=\"pt\"><span title=\"Molecular biology \">Biologia molecular<\/span><\/span><\/li>\n<li><span id=\"result_box\" class=\"\" lang=\"pt\"><span title=\"Genetic evaluation \">Avalia\u00e7\u00e3o gen\u00e9tica<\/span><\/span><\/li>\n<li><span id=\"result_box\" class=\"\" lang=\"pt\"><span title=\"Estimation of genetic parameters \">Estimativa de par\u00e2metros gen\u00e9ticos<\/span><\/span><\/li>\n<li><span id=\"result_box\" class=\"\" lang=\"pt\"><span title=\"Gene expression \">Express\u00e3o genetica<\/span><\/span><\/li>\n<li><span id=\"result_box\" class=\"\" lang=\"pt\"><span title=\"Molecular genetics \">Gen\u00e9tica molecular<\/span><\/span><\/li>\n<li><span id=\"result_box\" class=\"\" lang=\"pt\"><span title=\"Quantitative genetics \">Gen\u00e9tica quantitativa<\/span><\/span><\/li>\n<li><span id=\"result_box\" class=\"\" lang=\"pt\"><span title=\"Genotype-environment interaction \">Intera\u00e7\u00e3o gen\u00f3tipo-ambiente<\/span><\/span><\/li>\n<li><span id=\"result_box\" class=\"\" lang=\"pt\"><span title=\"Gene mapping \">Mapeamento gen\u00e9tico<\/span><\/span><\/li>\n<li><span id=\"result_box\" class=\"\" lang=\"pt\"><span title=\"Breeding programs \">Programas de melhoramento<\/span><\/span><\/li>\n<li><span id=\"result_box\" class=\"\" lang=\"pt\"><span title=\"Marker assisted selection \">Sele\u00e7\u00e3o assistida por marcadores<\/span><\/span><\/li>\n<li><span id=\"result_box\" class=\"\" lang=\"pt\"><span title=\"Genomic selection \">Sele\u00e7\u00e3o gen\u00f4mica<\/span><\/span><\/li>\n<\/ul>\n<p><span id=\"result_box\" class=\"\" lang=\"pt\"><span title=\"Nutrition of ruminants and non-ruminants \"><strong>Nutri\u00e7\u00e3o de ruminantes e de n\u00e3o-ruminantes<\/strong><\/span><\/span><\/p>\n<ul>\n<li><span id=\"result_box\" class=\"\" lang=\"pt\"><span title=\"Nutritive value of feeds \">Valor nutritivo de ra\u00e7\u00f5es<\/span><\/span><\/li>\n<li><span id=\"result_box\" class=\"\" lang=\"pt\"><span title=\"Energy and nutrient requirement \">Exig\u00eancia de energia e nutrientes<\/span><\/span><\/li>\n<li><span id=\"result_box\" class=\"\" lang=\"pt\"><span title=\"Feed evaluation \">Avalia\u00e7\u00e3o de ra\u00e7\u00f5es<\/span><\/span><\/li>\n<li><span id=\"result_box\" class=\"\" lang=\"pt\"><span title=\"Modeling \">Modelagem<\/span><\/span><\/li>\n<li><span id=\"result_box\" class=\"\" lang=\"pt\"><span title=\"Dynamics of digestion process \">Din\u00e2mica do processo de digest\u00e3o<\/span><\/span><\/li>\n<li><span id=\"result_box\" class=\"\" lang=\"pt\"><span title=\"Nutrition of grazing cattle (animals) \">Nutri\u00e7\u00e3o de gado em pastoreio (animais)<\/span><\/span><\/li>\n<li><span id=\"result_box\" class=\"\" lang=\"pt\"><span title=\"Markers \">Marcadores<\/span><\/span><\/li>\n<li><span id=\"result_box\" class=\"\" lang=\"pt\"><span title=\"Voluntary intake \">Consumo volunt\u00e1rio<\/span><\/span><\/li>\n<li><span id=\"result_box\" class=\"\" lang=\"pt\"><span title=\"System dynamics applied to nutrition \">Din\u00e2mica do sistema aplicada \u00e0 nutri\u00e7\u00e3o<\/span><\/span><\/li>\n<li><span id=\"result_box\" class=\"\" lang=\"pt\"><span title=\"Agroindustrial byproducts \">Subprodutos agroindustriais<\/span><\/span><\/li>\n<li><span id=\"result_box\" class=\"\" lang=\"pt\"><span title=\"Carbohydrates \">Carboidratos<\/span><\/span><\/li>\n<li><span id=\"result_box\" class=\"\" lang=\"pt\"><span title=\"Protein \">Prote\u00ednas<\/span><\/span><\/li>\n<li><span id=\"result_box\" class=\"\" lang=\"pt\"><span title=\"Lipids \">Lip\u00eddios<\/span><\/span><\/li>\n<li><span id=\"result_box\" class=\"\" lang=\"pt\"><span title=\"Minerals \">Minerais<\/span><\/span><\/li>\n<li><span id=\"result_box\" class=\"\" lang=\"pt\"><span title=\"Fiber \">Fibras<\/span><\/span><\/li>\n<\/ul>\n<p><strong><span id=\"result_box\" class=\"\" lang=\"pt\"><span title=\"Reproduction \">Reprodu\u00e7\u00e3o<\/span><\/span><\/strong><\/p>\n<ul>\n<li><span id=\"result_box\" class=\"\" lang=\"pt\"><span title=\"Reproductive physiology \">Fisiologia reprodutiva<\/span><\/span><\/li>\n<li><span id=\"result_box\" class=\"\" lang=\"pt\"><span title=\"Endocrinology \">Endocrinologia<\/span><\/span><\/li>\n<li><span id=\"result_box\" class=\"\" lang=\"pt\"><span title=\"Reproductive cycles \">Ciclos reprodutivos<\/span><\/span><\/li>\n<li><span id=\"result_box\" class=\"\" lang=\"pt\"><span title=\"Natural and artificial control of reproduction \">Controle natural e artificial da reprodu\u00e7\u00e3o<\/span><\/span><\/li>\n<li><span id=\"result_box\" class=\"\" lang=\"pt\"><span title=\"Preservation and use of gametes and embryos \">Preserva\u00e7\u00e3o e uso de gametas e embri\u00f5es<\/span><\/span><\/li>\n<li><span id=\"result_box\" class=\"\" lang=\"pt\"><span title=\"Pregnancy and parturition \">Gravidez e Parto<\/span><\/span><\/li>\n<li><span id=\"result_box\" class=\"\" lang=\"pt\"><span title=\"Infertility and sterility \">Infertilidade e esterilidade<\/span><\/span><\/li>\n<li><span id=\"result_box\" class=\"\" lang=\"pt\"><span title=\"Diagnostic and therapeutic techniques \">T\u00e9cnicas diagn\u00f3sticas e terap\u00eauticas<\/span><\/span><\/li>\n<li><span id=\"result_box\" class=\"\" lang=\"pt\"><span title=\"In vitro studies \">Estudos <em>in vitro<\/em><\/span><\/span><\/li>\n<li><span id=\"result_box\" class=\"\" lang=\"pt\"><span title=\"Artificial insemination \">Insemina\u00e7\u00e3o artificial<\/span><\/span><\/li>\n<li><span id=\"result_box\" class=\"\" lang=\"pt\"><span title=\"Physiopathology of animal reproduction \">Fisiopatologia da reprodu\u00e7\u00e3o animal<\/span><\/span><\/li>\n<\/ul>\n<p><span id=\"result_box\" class=\"\" lang=\"pt\"><span title=\"Animal production systems and agribusiness \"><strong>Sistemas de produ\u00e7\u00e3o animal e agroneg\u00f3cio<\/strong><\/span><\/span><\/p>\n<ul>\n<li><span id=\"result_box\" class=\"\" lang=\"pt\"><span title=\"Livestock production systems \">Sistemas de produ\u00e7\u00e3o de gado<\/span><\/span><\/li>\n<li><span id=\"result_box\" class=\"\" lang=\"pt\"><span title=\"System dynamics \">Din\u00e2mica do sistema<\/span><\/span><\/li>\n<li><span id=\"result_box\" class=\"\" lang=\"pt\"><span title=\"Mathematical modeling \">Modelagem matem\u00e1tica<\/span><\/span><\/li>\n<li><span id=\"result_box\" class=\"\" lang=\"pt\"><span title=\"Small ruminants \">Pequenos ruminantes<\/span><\/span><\/li>\n<li><span id=\"result_box\" class=\"\" lang=\"pt\"><span title=\"Wool and fiber production \">Produ\u00e7\u00e3o de l\u00e3 e fibras<\/span><\/span><\/li>\n<li><span id=\"result_box\" class=\"\" lang=\"pt\"><span title=\"Swine production systems \">Sistemas de produ\u00e7\u00e3o de su\u00ednos<\/span><\/span><\/li>\n<li><span id=\"result_box\" class=\"\" lang=\"pt\"><span title=\"Poultry production systems \">Sistemas de produ\u00e7\u00e3o de aves<\/span><\/span><\/li>\n<li><span id=\"result_box\" class=\"\" lang=\"pt\"><span title=\"Management and welfare of pigs \">Gest\u00e3o e bem-estar de su\u00ednos<\/span><\/span><\/li>\n<li><span id=\"result_box\" class=\"\" lang=\"pt\"><span title=\"Management and welfare of poultry \">Gest\u00e3o e bem-estar de aves<br \/>\n<\/span><\/span><\/li>\n<li><span id=\"result_box\" class=\"\" lang=\"pt\"><span title=\"Modeling and simulation of decision support systems \">Modelagem e simula\u00e7\u00e3o de sistemas de apoio \u00e0 decis\u00e3o<\/span><\/span><\/li>\n<li><span id=\"result_box\" class=\"\" lang=\"pt\"><span title=\"Evaluation of models \">Avalia\u00e7\u00e3o de modelos<\/span><\/span><\/li>\n<li><span id=\"result_box\" class=\"\" lang=\"pt\"><span title=\"Beef and dairy production chain \">Cadeia produtiva de carne bovina e latic\u00ednio<\/span><\/span><\/li>\n<\/ul>\n","protected":false},"excerpt":{"rendered":"<p>A Revista Brasileira de Zootecnia \u00e9 uma publica\u00e7\u00e3o dedicada ao amplo campo da Zootecnia. Publicamos pesquisas cient\u00edficas originais e de alta qualidade que abrangem v\u00e1rias \u00e1reas, incluindo aquicultura, biometeorologia e bem-estar animal, forragens e pastagens, melhoramento e gen\u00e9tica de plantas forrageiras e animais, reprodu\u00e7\u00e3o animal, nutri\u00e7\u00e3o de ruminantes e n\u00e3o-ruminantes, ci\u00eancia da carne e biologia muscular, zootecnia de precis\u00e3o e sistemas de produ\u00e7\u00e3o animal e agroneg\u00f3cio. Ao cobrir esses t\u00f3picos, a RBZ visa atender a um amplo p\u00fablico de pesquisadores, [&#8230;]<\/p>\n","protected":false},"author":2,"featured_media":0,"parent":0,"menu_order":0,"comment_status":"closed","ping_status":"closed","template":"","meta":{"footnotes":""},"class_list":["post-1066","page","type-page","status-publish","hentry"],"yoast_head":"<!-- This site is optimized with the Yoast SEO plugin v26.9 - https:\/\/yoast.com\/product\/yoast-seo-wordpress\/ -->\n<title>Foco e escopo - Revista Brasileira de Zootecnia<\/title>\n<meta name=\"robots\" content=\"index, follow, max-snippet:-1, max-image-preview:large, max-video-preview:-1\" \/>\n<link rel=\"canonical\" href=\"https:\/\/rbz.org.br\/pt-br\/politica-editorial\/\" \/>\n<meta property=\"og:locale\" content=\"pt_BR\" \/>\n<meta property=\"og:type\" content=\"article\" \/>\n<meta property=\"og:title\" content=\"Foco e escopo - Revista Brasileira de Zootecnia\" \/>\n<meta property=\"og:description\" content=\"A Revista Brasileira de Zootecnia \u00e9 uma publica\u00e7\u00e3o dedicada ao amplo campo da Zootecnia. Publicamos pesquisas cient\u00edficas originais e de alta qualidade que abrangem v\u00e1rias \u00e1reas, incluindo aquicultura, biometeorologia e bem-estar animal, forragens e pastagens, melhoramento e gen\u00e9tica de plantas forrageiras e animais, reprodu\u00e7\u00e3o animal, nutri\u00e7\u00e3o de ruminantes e n\u00e3o-ruminantes, ci\u00eancia da carne e biologia muscular, zootecnia de precis\u00e3o e sistemas de produ\u00e7\u00e3o animal e agroneg\u00f3cio. Ao cobrir esses t\u00f3picos, a RBZ visa atender a um amplo p\u00fablico de pesquisadores, [...]\" \/>\n<meta property=\"og:url\" content=\"https:\/\/rbz.org.br\/pt-br\/politica-editorial\/\" \/>\n<meta property=\"og:site_name\" content=\"Revista Brasileira de Zootecnia\" \/>\n<meta property=\"article:publisher\" content=\"https:\/\/www.facebook.com\/rbz.bjas\" \/>\n<meta property=\"article:modified_time\" content=\"2024-05-31T11:39:09+00:00\" \/>\n<meta property=\"og:image\" content=\"https:\/\/rbz.org.br\/wp-content\/uploads\/2018\/06\/rbz.png\" \/>\n\t<meta property=\"og:image:width\" content=\"324\" \/>\n\t<meta property=\"og:image:height\" content=\"135\" \/>\n\t<meta property=\"og:image:type\" content=\"image\/png\" \/>\n<meta name=\"twitter:card\" content=\"summary_large_image\" \/>\n<meta name=\"twitter:site\" content=\"@rbz_bjas\" \/>\n<meta name=\"twitter:label1\" content=\"Est. tempo de leitura\" \/>\n\t<meta name=\"twitter:data1\" content=\"3 minutos\" \/>\n<script type=\"application\/ld+json\" class=\"yoast-schema-graph\">{\"@context\":\"https:\/\/schema.org\",\"@graph\":[{\"@type\":\"WebPage\",\"@id\":\"https:\/\/rbz.org.br\/pt-br\/politica-editorial\/\",\"url\":\"https:\/\/rbz.org.br\/pt-br\/politica-editorial\/\",\"name\":\"Foco e escopo - Revista Brasileira de Zootecnia\",\"isPartOf\":{\"@id\":\"https:\/\/rbz.org.br\/#website\"},\"datePublished\":\"2024-05-23T15:34:02+00:00\",\"dateModified\":\"2024-05-31T11:39:09+00:00\",\"breadcrumb\":{\"@id\":\"https:\/\/rbz.org.br\/pt-br\/politica-editorial\/#breadcrumb\"},\"inLanguage\":\"pt-BR\",\"potentialAction\":[{\"@type\":\"ReadAction\",\"target\":[\"https:\/\/rbz.org.br\/pt-br\/politica-editorial\/\"]}]},{\"@type\":\"BreadcrumbList\",\"@id\":\"https:\/\/rbz.org.br\/pt-br\/politica-editorial\/#breadcrumb\",\"itemListElement\":[{\"@type\":\"ListItem\",\"position\":1,\"name\":\"Home\",\"item\":\"https:\/\/rbz.org.br\/pt-br\/\"},{\"@type\":\"ListItem\",\"position\":2,\"name\":\"Foco e escopo\"}]},{\"@type\":\"WebSite\",\"@id\":\"https:\/\/rbz.org.br\/#website\",\"url\":\"https:\/\/rbz.org.br\/\",\"name\":\"Revista Brasileira de Zootecnia\",\"description\":\"A &lt;em&gt;Revista Brasileira de Zootecnia&lt;\/em&gt; \u00e9 uma publica\u00e7\u00e3o dedicada ao amplo campo da Zootecnia. Publicamos pesquisas cient\u00edficas originais e de alta qualidade que abrangem v\u00e1rias \u00e1reas, incluindo aquicultura, biometeorologia e bem-estar animal, forragens e pastagens, melhoramento e gen\u00e9tica de plantas forrageiras e animais, reprodu\u00e7\u00e3o animal, nutri\u00e7\u00e3o de ruminantes e n\u00e3o-ruminantes, ci\u00eancia da carne e biologia muscular, zootecnia de precis\u00e3o e sistemas de produ\u00e7\u00e3o animal e agroneg\u00f3cio.\",\"publisher\":{\"@id\":\"https:\/\/rbz.org.br\/#organization\"},\"potentialAction\":[{\"@type\":\"SearchAction\",\"target\":{\"@type\":\"EntryPoint\",\"urlTemplate\":\"https:\/\/rbz.org.br\/?s={search_term_string}\"},\"query-input\":{\"@type\":\"PropertyValueSpecification\",\"valueRequired\":true,\"valueName\":\"search_term_string\"}}],\"inLanguage\":\"pt-BR\"},{\"@type\":\"Organization\",\"@id\":\"https:\/\/rbz.org.br\/#organization\",\"name\":\"Revista Brasileira de Zootecnia\",\"url\":\"https:\/\/rbz.org.br\/\",\"logo\":{\"@type\":\"ImageObject\",\"inLanguage\":\"pt-BR\",\"@id\":\"https:\/\/rbz.org.br\/#\/schema\/logo\/image\/\",\"url\":\"https:\/\/www.rbz.org.br\/wp-content\/uploads\/2018\/06\/rbz.png\",\"contentUrl\":\"https:\/\/www.rbz.org.br\/wp-content\/uploads\/2018\/06\/rbz.png\",\"width\":324,\"height\":135,\"caption\":\"Revista Brasileira de Zootecnia\"},\"image\":{\"@id\":\"https:\/\/rbz.org.br\/#\/schema\/logo\/image\/\"},\"sameAs\":[\"https:\/\/www.facebook.com\/rbz.bjas\",\"https:\/\/x.com\/rbz_bjas\"]}]}<\/script>\n<!-- \/ Yoast SEO plugin. -->","yoast_head_json":{"title":"Foco e escopo - Revista Brasileira de Zootecnia","robots":{"index":"index","follow":"follow","max-snippet":"max-snippet:-1","max-image-preview":"max-image-preview:large","max-video-preview":"max-video-preview:-1"},"canonical":"https:\/\/rbz.org.br\/pt-br\/politica-editorial\/","og_locale":"pt_BR","og_type":"article","og_title":"Foco e escopo - Revista Brasileira de Zootecnia","og_description":"A Revista Brasileira de Zootecnia \u00e9 uma publica\u00e7\u00e3o dedicada ao amplo campo da Zootecnia. Publicamos pesquisas cient\u00edficas originais e de alta qualidade que abrangem v\u00e1rias \u00e1reas, incluindo aquicultura, biometeorologia e bem-estar animal, forragens e pastagens, melhoramento e gen\u00e9tica de plantas forrageiras e animais, reprodu\u00e7\u00e3o animal, nutri\u00e7\u00e3o de ruminantes e n\u00e3o-ruminantes, ci\u00eancia da carne e biologia muscular, zootecnia de precis\u00e3o e sistemas de produ\u00e7\u00e3o animal e agroneg\u00f3cio. Ao cobrir esses t\u00f3picos, a RBZ visa atender a um amplo p\u00fablico de pesquisadores, [...]","og_url":"https:\/\/rbz.org.br\/pt-br\/politica-editorial\/","og_site_name":"Revista Brasileira de Zootecnia","article_publisher":"https:\/\/www.facebook.com\/rbz.bjas","article_modified_time":"2024-05-31T11:39:09+00:00","og_image":[{"width":324,"height":135,"url":"https:\/\/rbz.org.br\/wp-content\/uploads\/2018\/06\/rbz.png","type":"image\/png"}],"twitter_card":"summary_large_image","twitter_site":"@rbz_bjas","twitter_misc":{"Est. tempo de leitura":"3 minutos"},"schema":{"@context":"https:\/\/schema.org","@graph":[{"@type":"WebPage","@id":"https:\/\/rbz.org.br\/pt-br\/politica-editorial\/","url":"https:\/\/rbz.org.br\/pt-br\/politica-editorial\/","name":"Foco e escopo - Revista Brasileira de Zootecnia","isPartOf":{"@id":"https:\/\/rbz.org.br\/#website"},"datePublished":"2024-05-23T15:34:02+00:00","dateModified":"2024-05-31T11:39:09+00:00","breadcrumb":{"@id":"https:\/\/rbz.org.br\/pt-br\/politica-editorial\/#breadcrumb"},"inLanguage":"pt-BR","potentialAction":[{"@type":"ReadAction","target":["https:\/\/rbz.org.br\/pt-br\/politica-editorial\/"]}]},{"@type":"BreadcrumbList","@id":"https:\/\/rbz.org.br\/pt-br\/politica-editorial\/#breadcrumb","itemListElement":[{"@type":"ListItem","position":1,"name":"Home","item":"https:\/\/rbz.org.br\/pt-br\/"},{"@type":"ListItem","position":2,"name":"Foco e escopo"}]},{"@type":"WebSite","@id":"https:\/\/rbz.org.br\/#website","url":"https:\/\/rbz.org.br\/","name":"Revista Brasileira de Zootecnia","description":"A &lt;em&gt;Revista Brasileira de Zootecnia&lt;\/em&gt; \u00e9 uma publica\u00e7\u00e3o dedicada ao amplo campo da Zootecnia. Publicamos pesquisas cient\u00edficas originais e de alta qualidade que abrangem v\u00e1rias \u00e1reas, incluindo aquicultura, biometeorologia e bem-estar animal, forragens e pastagens, melhoramento e gen\u00e9tica de plantas forrageiras e animais, reprodu\u00e7\u00e3o animal, nutri\u00e7\u00e3o de ruminantes e n\u00e3o-ruminantes, ci\u00eancia da carne e biologia muscular, zootecnia de precis\u00e3o e sistemas de produ\u00e7\u00e3o animal e agroneg\u00f3cio.","publisher":{"@id":"https:\/\/rbz.org.br\/#organization"},"potentialAction":[{"@type":"SearchAction","target":{"@type":"EntryPoint","urlTemplate":"https:\/\/rbz.org.br\/?s={search_term_string}"},"query-input":{"@type":"PropertyValueSpecification","valueRequired":true,"valueName":"search_term_string"}}],"inLanguage":"pt-BR"},{"@type":"Organization","@id":"https:\/\/rbz.org.br\/#organization","name":"Revista Brasileira de Zootecnia","url":"https:\/\/rbz.org.br\/","logo":{"@type":"ImageObject","inLanguage":"pt-BR","@id":"https:\/\/rbz.org.br\/#\/schema\/logo\/image\/","url":"https:\/\/www.rbz.org.br\/wp-content\/uploads\/2018\/06\/rbz.png","contentUrl":"https:\/\/www.rbz.org.br\/wp-content\/uploads\/2018\/06\/rbz.png","width":324,"height":135,"caption":"Revista Brasileira de Zootecnia"},"image":{"@id":"https:\/\/rbz.org.br\/#\/schema\/logo\/image\/"},"sameAs":["https:\/\/www.facebook.com\/rbz.bjas","https:\/\/x.com\/rbz_bjas"]}]}},"_links":{"self":[{"href":"https:\/\/rbz.org.br\/pt-br\/wp-json\/wp\/v2\/pages\/1066","targetHints":{"allow":["GET"]}}],"collection":[{"href":"https:\/\/rbz.org.br\/pt-br\/wp-json\/wp\/v2\/pages"}],"about":[{"href":"https:\/\/rbz.org.br\/pt-br\/wp-json\/wp\/v2\/types\/page"}],"author":[{"embeddable":true,"href":"https:\/\/rbz.org.br\/pt-br\/wp-json\/wp\/v2\/users\/2"}],"replies":[{"embeddable":true,"href":"https:\/\/rbz.org.br\/pt-br\/wp-json\/wp\/v2\/comments?post=1066"}],"version-history":[{"count":11,"href":"https:\/\/rbz.org.br\/pt-br\/wp-json\/wp\/v2\/pages\/1066\/revisions"}],"predecessor-version":[{"id":12011,"href":"https:\/\/rbz.org.br\/pt-br\/wp-json\/wp\/v2\/pages\/1066\/revisions\/12011"}],"wp:attachment":[{"href":"https:\/\/rbz.org.br\/pt-br\/wp-json\/wp\/v2\/media?parent=1066"}],"curies":[{"name":"wp","href":"https:\/\/api.w.org\/{rel}","templated":true}]}}