{"id":1057,"date":"2018-07-18T11:01:57","date_gmt":"2018-07-18T14:01:57","guid":{"rendered":"https:\/\/www.rbz.org.br\/?page_id=1057"},"modified":"2025-01-15T11:25:36","modified_gmt":"2025-01-15T14:25:36","slug":"taxas","status":"publish","type":"page","link":"https:\/\/rbz.org.br\/pt-br\/taxas\/","title":{"rendered":"Taxas"},"content":{"rendered":"<p><strong>Taxa de publica\u00e7\u00e3o:<\/strong><\/p>\n<p>Para manuscritos em que o primeiro autor ou o autor correspondente seja s\u00f3cio da Sociedade Brasileira de Zootecnia, a taxa de publica\u00e7\u00e3o \u00e9 de R$ 215,00 (duzentos e quinze reais) por p\u00e1gina diagramada.<\/p>\n<p>Para n\u00e3o-s\u00f3cios da SBZ, a taxa de publica\u00e7\u00e3o \u00e9 de R$ 323,00 (trezentos e vinte e tr\u00eas reais) por p\u00e1gina editorada.<\/p>\n<p><strong>Taxa de submiss\u00e3o:<\/strong><\/p>\n<p>N\u00e3o h\u00e1 taxa de submiss\u00e3o!<\/p>\n","protected":false},"excerpt":{"rendered":"<p>Taxa de publica\u00e7\u00e3o: Para manuscritos em que o primeiro autor ou o autor correspondente seja s\u00f3cio da Sociedade Brasileira de Zootecnia, a taxa de publica\u00e7\u00e3o \u00e9 de R$ 215,00 (duzentos e quinze reais) por p\u00e1gina diagramada. Para n\u00e3o-s\u00f3cios da SBZ, a taxa de publica\u00e7\u00e3o \u00e9 de R$ 323,00 (trezentos e vinte e tr\u00eas reais) por p\u00e1gina editorada. Taxa de submiss\u00e3o: N\u00e3o h\u00e1 taxa de submiss\u00e3o!<\/p>\n","protected":false},"author":2,"featured_media":0,"parent":0,"menu_order":0,"comment_status":"closed","ping_status":"closed","template":"","meta":{"footnotes":""},"class_list":["post-1057","page","type-page","status-publish","hentry"],"yoast_head":"<!-- This site is optimized with the Yoast SEO plugin v26.9 - https:\/\/yoast.com\/product\/yoast-seo-wordpress\/ -->\n<title>Taxas - Revista Brasileira de Zootecnia<\/title>\n<meta name=\"robots\" content=\"index, follow, max-snippet:-1, max-image-preview:large, max-video-preview:-1\" \/>\n<link rel=\"canonical\" href=\"https:\/\/rbz.org.br\/pt-br\/taxas\/\" \/>\n<meta property=\"og:locale\" content=\"pt_BR\" \/>\n<meta property=\"og:type\" content=\"article\" \/>\n<meta property=\"og:title\" content=\"Taxas - Revista Brasileira de Zootecnia\" \/>\n<meta property=\"og:description\" content=\"Taxa de publica\u00e7\u00e3o: Para manuscritos em que o primeiro autor ou o autor correspondente seja s\u00f3cio da Sociedade Brasileira de Zootecnia, a taxa de publica\u00e7\u00e3o \u00e9 de R$ 215,00 (duzentos e quinze reais) por p\u00e1gina diagramada. Para n\u00e3o-s\u00f3cios da SBZ, a taxa de publica\u00e7\u00e3o \u00e9 de R$ 323,00 (trezentos e vinte e tr\u00eas reais) por p\u00e1gina editorada. Taxa de submiss\u00e3o: N\u00e3o h\u00e1 taxa de submiss\u00e3o!\" \/>\n<meta property=\"og:url\" content=\"https:\/\/rbz.org.br\/pt-br\/taxas\/\" \/>\n<meta property=\"og:site_name\" content=\"Revista Brasileira de Zootecnia\" \/>\n<meta property=\"article:publisher\" content=\"https:\/\/www.facebook.com\/rbz.bjas\" \/>\n<meta property=\"article:modified_time\" content=\"2025-01-15T14:25:36+00:00\" \/>\n<meta property=\"og:image\" content=\"https:\/\/rbz.org.br\/wp-content\/uploads\/2018\/06\/rbz.png\" \/>\n\t<meta property=\"og:image:width\" content=\"324\" \/>\n\t<meta property=\"og:image:height\" content=\"135\" \/>\n\t<meta property=\"og:image:type\" content=\"image\/png\" \/>\n<meta name=\"twitter:card\" content=\"summary_large_image\" \/>\n<meta name=\"twitter:site\" content=\"@rbz_bjas\" \/>\n<meta name=\"twitter:label1\" content=\"Est. tempo de leitura\" \/>\n\t<meta name=\"twitter:data1\" content=\"1 minuto\" \/>\n<script type=\"application\/ld+json\" class=\"yoast-schema-graph\">{\"@context\":\"https:\/\/schema.org\",\"@graph\":[{\"@type\":\"WebPage\",\"@id\":\"https:\/\/rbz.org.br\/pt-br\/taxas\/\",\"url\":\"https:\/\/rbz.org.br\/pt-br\/taxas\/\",\"name\":\"Taxas - Revista Brasileira de Zootecnia\",\"isPartOf\":{\"@id\":\"https:\/\/rbz.org.br\/#website\"},\"datePublished\":\"2018-07-18T14:01:57+00:00\",\"dateModified\":\"2025-01-15T14:25:36+00:00\",\"breadcrumb\":{\"@id\":\"https:\/\/rbz.org.br\/pt-br\/taxas\/#breadcrumb\"},\"inLanguage\":\"pt-BR\",\"potentialAction\":[{\"@type\":\"ReadAction\",\"target\":[\"https:\/\/rbz.org.br\/pt-br\/taxas\/\"]}]},{\"@type\":\"BreadcrumbList\",\"@id\":\"https:\/\/rbz.org.br\/pt-br\/taxas\/#breadcrumb\",\"itemListElement\":[{\"@type\":\"ListItem\",\"position\":1,\"name\":\"Home\",\"item\":\"https:\/\/rbz.org.br\/pt-br\/\"},{\"@type\":\"ListItem\",\"position\":2,\"name\":\"Taxas\"}]},{\"@type\":\"WebSite\",\"@id\":\"https:\/\/rbz.org.br\/#website\",\"url\":\"https:\/\/rbz.org.br\/\",\"name\":\"Revista Brasileira de Zootecnia\",\"description\":\"A &lt;em&gt;Revista Brasileira de Zootecnia&lt;\/em&gt; \u00e9 uma publica\u00e7\u00e3o dedicada ao amplo campo da Zootecnia. Publicamos pesquisas cient\u00edficas originais e de alta qualidade que abrangem v\u00e1rias \u00e1reas, incluindo aquicultura, biometeorologia e bem-estar animal, forragens e pastagens, melhoramento e gen\u00e9tica de plantas forrageiras e animais, reprodu\u00e7\u00e3o animal, nutri\u00e7\u00e3o de ruminantes e n\u00e3o-ruminantes, ci\u00eancia da carne e biologia muscular, zootecnia de precis\u00e3o e sistemas de produ\u00e7\u00e3o animal e agroneg\u00f3cio.\",\"publisher\":{\"@id\":\"https:\/\/rbz.org.br\/#organization\"},\"potentialAction\":[{\"@type\":\"SearchAction\",\"target\":{\"@type\":\"EntryPoint\",\"urlTemplate\":\"https:\/\/rbz.org.br\/?s={search_term_string}\"},\"query-input\":{\"@type\":\"PropertyValueSpecification\",\"valueRequired\":true,\"valueName\":\"search_term_string\"}}],\"inLanguage\":\"pt-BR\"},{\"@type\":\"Organization\",\"@id\":\"https:\/\/rbz.org.br\/#organization\",\"name\":\"Revista Brasileira de Zootecnia\",\"url\":\"https:\/\/rbz.org.br\/\",\"logo\":{\"@type\":\"ImageObject\",\"inLanguage\":\"pt-BR\",\"@id\":\"https:\/\/rbz.org.br\/#\/schema\/logo\/image\/\",\"url\":\"https:\/\/www.rbz.org.br\/wp-content\/uploads\/2018\/06\/rbz.png\",\"contentUrl\":\"https:\/\/www.rbz.org.br\/wp-content\/uploads\/2018\/06\/rbz.png\",\"width\":324,\"height\":135,\"caption\":\"Revista Brasileira de Zootecnia\"},\"image\":{\"@id\":\"https:\/\/rbz.org.br\/#\/schema\/logo\/image\/\"},\"sameAs\":[\"https:\/\/www.facebook.com\/rbz.bjas\",\"https:\/\/x.com\/rbz_bjas\"]}]}<\/script>\n<!-- \/ Yoast SEO plugin. -->","yoast_head_json":{"title":"Taxas - Revista Brasileira de Zootecnia","robots":{"index":"index","follow":"follow","max-snippet":"max-snippet:-1","max-image-preview":"max-image-preview:large","max-video-preview":"max-video-preview:-1"},"canonical":"https:\/\/rbz.org.br\/pt-br\/taxas\/","og_locale":"pt_BR","og_type":"article","og_title":"Taxas - Revista Brasileira de Zootecnia","og_description":"Taxa de publica\u00e7\u00e3o: Para manuscritos em que o primeiro autor ou o autor correspondente seja s\u00f3cio da Sociedade Brasileira de Zootecnia, a taxa de publica\u00e7\u00e3o \u00e9 de R$ 215,00 (duzentos e quinze reais) por p\u00e1gina diagramada. Para n\u00e3o-s\u00f3cios da SBZ, a taxa de publica\u00e7\u00e3o \u00e9 de R$ 323,00 (trezentos e vinte e tr\u00eas reais) por p\u00e1gina editorada. Taxa de submiss\u00e3o: N\u00e3o h\u00e1 taxa de submiss\u00e3o!","og_url":"https:\/\/rbz.org.br\/pt-br\/taxas\/","og_site_name":"Revista Brasileira de Zootecnia","article_publisher":"https:\/\/www.facebook.com\/rbz.bjas","article_modified_time":"2025-01-15T14:25:36+00:00","og_image":[{"width":324,"height":135,"url":"https:\/\/rbz.org.br\/wp-content\/uploads\/2018\/06\/rbz.png","type":"image\/png"}],"twitter_card":"summary_large_image","twitter_site":"@rbz_bjas","twitter_misc":{"Est. tempo de leitura":"1 minuto"},"schema":{"@context":"https:\/\/schema.org","@graph":[{"@type":"WebPage","@id":"https:\/\/rbz.org.br\/pt-br\/taxas\/","url":"https:\/\/rbz.org.br\/pt-br\/taxas\/","name":"Taxas - Revista Brasileira de Zootecnia","isPartOf":{"@id":"https:\/\/rbz.org.br\/#website"},"datePublished":"2018-07-18T14:01:57+00:00","dateModified":"2025-01-15T14:25:36+00:00","breadcrumb":{"@id":"https:\/\/rbz.org.br\/pt-br\/taxas\/#breadcrumb"},"inLanguage":"pt-BR","potentialAction":[{"@type":"ReadAction","target":["https:\/\/rbz.org.br\/pt-br\/taxas\/"]}]},{"@type":"BreadcrumbList","@id":"https:\/\/rbz.org.br\/pt-br\/taxas\/#breadcrumb","itemListElement":[{"@type":"ListItem","position":1,"name":"Home","item":"https:\/\/rbz.org.br\/pt-br\/"},{"@type":"ListItem","position":2,"name":"Taxas"}]},{"@type":"WebSite","@id":"https:\/\/rbz.org.br\/#website","url":"https:\/\/rbz.org.br\/","name":"Revista Brasileira de Zootecnia","description":"A &lt;em&gt;Revista Brasileira de Zootecnia&lt;\/em&gt; \u00e9 uma publica\u00e7\u00e3o dedicada ao amplo campo da Zootecnia. Publicamos pesquisas cient\u00edficas originais e de alta qualidade que abrangem v\u00e1rias \u00e1reas, incluindo aquicultura, biometeorologia e bem-estar animal, forragens e pastagens, melhoramento e gen\u00e9tica de plantas forrageiras e animais, reprodu\u00e7\u00e3o animal, nutri\u00e7\u00e3o de ruminantes e n\u00e3o-ruminantes, ci\u00eancia da carne e biologia muscular, zootecnia de precis\u00e3o e sistemas de produ\u00e7\u00e3o animal e agroneg\u00f3cio.","publisher":{"@id":"https:\/\/rbz.org.br\/#organization"},"potentialAction":[{"@type":"SearchAction","target":{"@type":"EntryPoint","urlTemplate":"https:\/\/rbz.org.br\/?s={search_term_string}"},"query-input":{"@type":"PropertyValueSpecification","valueRequired":true,"valueName":"search_term_string"}}],"inLanguage":"pt-BR"},{"@type":"Organization","@id":"https:\/\/rbz.org.br\/#organization","name":"Revista Brasileira de Zootecnia","url":"https:\/\/rbz.org.br\/","logo":{"@type":"ImageObject","inLanguage":"pt-BR","@id":"https:\/\/rbz.org.br\/#\/schema\/logo\/image\/","url":"https:\/\/www.rbz.org.br\/wp-content\/uploads\/2018\/06\/rbz.png","contentUrl":"https:\/\/www.rbz.org.br\/wp-content\/uploads\/2018\/06\/rbz.png","width":324,"height":135,"caption":"Revista Brasileira de Zootecnia"},"image":{"@id":"https:\/\/rbz.org.br\/#\/schema\/logo\/image\/"},"sameAs":["https:\/\/www.facebook.com\/rbz.bjas","https:\/\/x.com\/rbz_bjas"]}]}},"_links":{"self":[{"href":"https:\/\/rbz.org.br\/pt-br\/wp-json\/wp\/v2\/pages\/1057","targetHints":{"allow":["GET"]}}],"collection":[{"href":"https:\/\/rbz.org.br\/pt-br\/wp-json\/wp\/v2\/pages"}],"about":[{"href":"https:\/\/rbz.org.br\/pt-br\/wp-json\/wp\/v2\/types\/page"}],"author":[{"embeddable":true,"href":"https:\/\/rbz.org.br\/pt-br\/wp-json\/wp\/v2\/users\/2"}],"replies":[{"embeddable":true,"href":"https:\/\/rbz.org.br\/pt-br\/wp-json\/wp\/v2\/comments?post=1057"}],"version-history":[{"count":17,"href":"https:\/\/rbz.org.br\/pt-br\/wp-json\/wp\/v2\/pages\/1057\/revisions"}],"predecessor-version":[{"id":12200,"href":"https:\/\/rbz.org.br\/pt-br\/wp-json\/wp\/v2\/pages\/1057\/revisions\/12200"}],"wp:attachment":[{"href":"https:\/\/rbz.org.br\/pt-br\/wp-json\/wp\/v2\/media?parent=1057"}],"curies":[{"name":"wp","href":"https:\/\/api.w.org\/{rel}","templated":true}]}}