{"id":1048,"date":"2018-07-18T10:43:21","date_gmt":"2018-07-18T13:43:21","guid":{"rendered":"https:\/\/www.rbz.org.br\/?page_id=1048"},"modified":"2020-03-13T08:50:15","modified_gmt":"2020-03-13T11:50:15","slug":"guia-estatistico-2","status":"publish","type":"page","link":"https:\/\/rbz.org.br\/pt-br\/guia-estatistico-2\/","title":{"rendered":"Guia estat\u00edstico"},"content":{"rendered":"<p>A apresenta\u00e7\u00e3o do modelo estat\u00edstico como um novo par\u00e1grafo do texto e como uma equa\u00e7\u00e3o numerada \u00e9 obrigat\u00f3ria sempre que a pesquisa for sobre experimentos delineados, estudos observacionais ou estudos de levantamento. Todos os termos, suposi\u00e7\u00f5es e procedimentos de ajuste devem ser descritos detalhadamente para permitir aos leitores uma identifica\u00e7\u00e3o correta da unidade experimental.<\/p>\n<p><span style=\"color: #008080;\"><a style=\"color: #008080;\" href=\"https:\/\/www.rbz.org.br\/wp-content\/uploads\/2018\/08\/percentage1.pdf\"><strong>Additional guidelines for style and units &#8211; Use of percentage<\/strong><\/a><\/span><\/p>\n<p><span style=\"color: #008080;\"><strong><a style=\"color: #008080;\" href=\"https:\/\/www.rbz.org.br\/wp-content\/uploads\/2018\/08\/units.pdf\">Additional guidelines for style and units &#8211; Representation of dispersion<\/a><\/strong><\/span><\/p>\n","protected":false},"excerpt":{"rendered":"<p>A apresenta\u00e7\u00e3o do modelo estat\u00edstico como um novo par\u00e1grafo do texto e como uma equa\u00e7\u00e3o numerada \u00e9 obrigat\u00f3ria sempre que a pesquisa for sobre experimentos delineados, estudos observacionais ou estudos de levantamento. Todos os termos, suposi\u00e7\u00f5es e procedimentos de ajuste devem ser descritos detalhadamente para permitir aos leitores uma identifica\u00e7\u00e3o correta da unidade experimental. Additional guidelines for style and units &#8211; Use of percentage Additional guidelines for style and units &#8211; Representation of dispersion<\/p>\n","protected":false},"author":2,"featured_media":0,"parent":0,"menu_order":0,"comment_status":"closed","ping_status":"closed","template":"","meta":{"footnotes":""},"class_list":["post-1048","page","type-page","status-publish","hentry"],"yoast_head":"<!-- This site is optimized with the Yoast SEO plugin v26.9 - https:\/\/yoast.com\/product\/yoast-seo-wordpress\/ -->\n<title>Guia estat\u00edstico - Revista Brasileira de Zootecnia<\/title>\n<meta name=\"robots\" content=\"index, follow, max-snippet:-1, max-image-preview:large, max-video-preview:-1\" \/>\n<link rel=\"canonical\" href=\"https:\/\/rbz.org.br\/pt-br\/guia-estatistico-2\/\" \/>\n<meta property=\"og:locale\" content=\"pt_BR\" \/>\n<meta property=\"og:type\" content=\"article\" \/>\n<meta property=\"og:title\" content=\"Guia estat\u00edstico - Revista Brasileira de Zootecnia\" \/>\n<meta property=\"og:description\" content=\"A apresenta\u00e7\u00e3o do modelo estat\u00edstico como um novo par\u00e1grafo do texto e como uma equa\u00e7\u00e3o numerada \u00e9 obrigat\u00f3ria sempre que a pesquisa for sobre experimentos delineados, estudos observacionais ou estudos de levantamento. Todos os termos, suposi\u00e7\u00f5es e procedimentos de ajuste devem ser descritos detalhadamente para permitir aos leitores uma identifica\u00e7\u00e3o correta da unidade experimental. Additional guidelines for style and units &#8211; Use of percentage Additional guidelines for style and units &#8211; Representation of dispersion\" \/>\n<meta property=\"og:url\" content=\"https:\/\/rbz.org.br\/pt-br\/guia-estatistico-2\/\" \/>\n<meta property=\"og:site_name\" content=\"Revista Brasileira de Zootecnia\" \/>\n<meta property=\"article:publisher\" content=\"https:\/\/www.facebook.com\/rbz.bjas\" \/>\n<meta property=\"article:modified_time\" content=\"2020-03-13T11:50:15+00:00\" \/>\n<meta property=\"og:image\" content=\"https:\/\/rbz.org.br\/wp-content\/uploads\/2018\/06\/rbz.png\" \/>\n\t<meta property=\"og:image:width\" content=\"324\" \/>\n\t<meta property=\"og:image:height\" content=\"135\" \/>\n\t<meta property=\"og:image:type\" content=\"image\/png\" \/>\n<meta name=\"twitter:card\" content=\"summary_large_image\" \/>\n<meta name=\"twitter:site\" content=\"@rbz_bjas\" \/>\n<script type=\"application\/ld+json\" class=\"yoast-schema-graph\">{\"@context\":\"https:\/\/schema.org\",\"@graph\":[{\"@type\":\"WebPage\",\"@id\":\"https:\/\/rbz.org.br\/pt-br\/guia-estatistico-2\/\",\"url\":\"https:\/\/rbz.org.br\/pt-br\/guia-estatistico-2\/\",\"name\":\"Guia estat\u00edstico - Revista Brasileira de Zootecnia\",\"isPartOf\":{\"@id\":\"https:\/\/rbz.org.br\/#website\"},\"datePublished\":\"2018-07-18T13:43:21+00:00\",\"dateModified\":\"2020-03-13T11:50:15+00:00\",\"breadcrumb\":{\"@id\":\"https:\/\/rbz.org.br\/pt-br\/guia-estatistico-2\/#breadcrumb\"},\"inLanguage\":\"pt-BR\",\"potentialAction\":[{\"@type\":\"ReadAction\",\"target\":[\"https:\/\/rbz.org.br\/pt-br\/guia-estatistico-2\/\"]}]},{\"@type\":\"BreadcrumbList\",\"@id\":\"https:\/\/rbz.org.br\/pt-br\/guia-estatistico-2\/#breadcrumb\",\"itemListElement\":[{\"@type\":\"ListItem\",\"position\":1,\"name\":\"Home\",\"item\":\"https:\/\/rbz.org.br\/pt-br\/\"},{\"@type\":\"ListItem\",\"position\":2,\"name\":\"Guia estat\u00edstico\"}]},{\"@type\":\"WebSite\",\"@id\":\"https:\/\/rbz.org.br\/#website\",\"url\":\"https:\/\/rbz.org.br\/\",\"name\":\"Revista Brasileira de Zootecnia\",\"description\":\"A &lt;em&gt;Revista Brasileira de Zootecnia&lt;\/em&gt; \u00e9 uma publica\u00e7\u00e3o dedicada ao amplo campo da Zootecnia. Publicamos pesquisas cient\u00edficas originais e de alta qualidade que abrangem v\u00e1rias \u00e1reas, incluindo aquicultura, biometeorologia e bem-estar animal, forragens e pastagens, melhoramento e gen\u00e9tica de plantas forrageiras e animais, reprodu\u00e7\u00e3o animal, nutri\u00e7\u00e3o de ruminantes e n\u00e3o-ruminantes, ci\u00eancia da carne e biologia muscular, zootecnia de precis\u00e3o e sistemas de produ\u00e7\u00e3o animal e agroneg\u00f3cio.\",\"publisher\":{\"@id\":\"https:\/\/rbz.org.br\/#organization\"},\"potentialAction\":[{\"@type\":\"SearchAction\",\"target\":{\"@type\":\"EntryPoint\",\"urlTemplate\":\"https:\/\/rbz.org.br\/?s={search_term_string}\"},\"query-input\":{\"@type\":\"PropertyValueSpecification\",\"valueRequired\":true,\"valueName\":\"search_term_string\"}}],\"inLanguage\":\"pt-BR\"},{\"@type\":\"Organization\",\"@id\":\"https:\/\/rbz.org.br\/#organization\",\"name\":\"Revista Brasileira de Zootecnia\",\"url\":\"https:\/\/rbz.org.br\/\",\"logo\":{\"@type\":\"ImageObject\",\"inLanguage\":\"pt-BR\",\"@id\":\"https:\/\/rbz.org.br\/#\/schema\/logo\/image\/\",\"url\":\"https:\/\/www.rbz.org.br\/wp-content\/uploads\/2018\/06\/rbz.png\",\"contentUrl\":\"https:\/\/www.rbz.org.br\/wp-content\/uploads\/2018\/06\/rbz.png\",\"width\":324,\"height\":135,\"caption\":\"Revista Brasileira de Zootecnia\"},\"image\":{\"@id\":\"https:\/\/rbz.org.br\/#\/schema\/logo\/image\/\"},\"sameAs\":[\"https:\/\/www.facebook.com\/rbz.bjas\",\"https:\/\/x.com\/rbz_bjas\"]}]}<\/script>\n<!-- \/ Yoast SEO plugin. -->","yoast_head_json":{"title":"Guia estat\u00edstico - Revista Brasileira de Zootecnia","robots":{"index":"index","follow":"follow","max-snippet":"max-snippet:-1","max-image-preview":"max-image-preview:large","max-video-preview":"max-video-preview:-1"},"canonical":"https:\/\/rbz.org.br\/pt-br\/guia-estatistico-2\/","og_locale":"pt_BR","og_type":"article","og_title":"Guia estat\u00edstico - Revista Brasileira de Zootecnia","og_description":"A apresenta\u00e7\u00e3o do modelo estat\u00edstico como um novo par\u00e1grafo do texto e como uma equa\u00e7\u00e3o numerada \u00e9 obrigat\u00f3ria sempre que a pesquisa for sobre experimentos delineados, estudos observacionais ou estudos de levantamento. Todos os termos, suposi\u00e7\u00f5es e procedimentos de ajuste devem ser descritos detalhadamente para permitir aos leitores uma identifica\u00e7\u00e3o correta da unidade experimental. Additional guidelines for style and units &#8211; Use of percentage Additional guidelines for style and units &#8211; Representation of dispersion","og_url":"https:\/\/rbz.org.br\/pt-br\/guia-estatistico-2\/","og_site_name":"Revista Brasileira de Zootecnia","article_publisher":"https:\/\/www.facebook.com\/rbz.bjas","article_modified_time":"2020-03-13T11:50:15+00:00","og_image":[{"width":324,"height":135,"url":"https:\/\/rbz.org.br\/wp-content\/uploads\/2018\/06\/rbz.png","type":"image\/png"}],"twitter_card":"summary_large_image","twitter_site":"@rbz_bjas","schema":{"@context":"https:\/\/schema.org","@graph":[{"@type":"WebPage","@id":"https:\/\/rbz.org.br\/pt-br\/guia-estatistico-2\/","url":"https:\/\/rbz.org.br\/pt-br\/guia-estatistico-2\/","name":"Guia estat\u00edstico - Revista Brasileira de Zootecnia","isPartOf":{"@id":"https:\/\/rbz.org.br\/#website"},"datePublished":"2018-07-18T13:43:21+00:00","dateModified":"2020-03-13T11:50:15+00:00","breadcrumb":{"@id":"https:\/\/rbz.org.br\/pt-br\/guia-estatistico-2\/#breadcrumb"},"inLanguage":"pt-BR","potentialAction":[{"@type":"ReadAction","target":["https:\/\/rbz.org.br\/pt-br\/guia-estatistico-2\/"]}]},{"@type":"BreadcrumbList","@id":"https:\/\/rbz.org.br\/pt-br\/guia-estatistico-2\/#breadcrumb","itemListElement":[{"@type":"ListItem","position":1,"name":"Home","item":"https:\/\/rbz.org.br\/pt-br\/"},{"@type":"ListItem","position":2,"name":"Guia estat\u00edstico"}]},{"@type":"WebSite","@id":"https:\/\/rbz.org.br\/#website","url":"https:\/\/rbz.org.br\/","name":"Revista Brasileira de Zootecnia","description":"A &lt;em&gt;Revista Brasileira de Zootecnia&lt;\/em&gt; \u00e9 uma publica\u00e7\u00e3o dedicada ao amplo campo da Zootecnia. Publicamos pesquisas cient\u00edficas originais e de alta qualidade que abrangem v\u00e1rias \u00e1reas, incluindo aquicultura, biometeorologia e bem-estar animal, forragens e pastagens, melhoramento e gen\u00e9tica de plantas forrageiras e animais, reprodu\u00e7\u00e3o animal, nutri\u00e7\u00e3o de ruminantes e n\u00e3o-ruminantes, ci\u00eancia da carne e biologia muscular, zootecnia de precis\u00e3o e sistemas de produ\u00e7\u00e3o animal e agroneg\u00f3cio.","publisher":{"@id":"https:\/\/rbz.org.br\/#organization"},"potentialAction":[{"@type":"SearchAction","target":{"@type":"EntryPoint","urlTemplate":"https:\/\/rbz.org.br\/?s={search_term_string}"},"query-input":{"@type":"PropertyValueSpecification","valueRequired":true,"valueName":"search_term_string"}}],"inLanguage":"pt-BR"},{"@type":"Organization","@id":"https:\/\/rbz.org.br\/#organization","name":"Revista Brasileira de Zootecnia","url":"https:\/\/rbz.org.br\/","logo":{"@type":"ImageObject","inLanguage":"pt-BR","@id":"https:\/\/rbz.org.br\/#\/schema\/logo\/image\/","url":"https:\/\/www.rbz.org.br\/wp-content\/uploads\/2018\/06\/rbz.png","contentUrl":"https:\/\/www.rbz.org.br\/wp-content\/uploads\/2018\/06\/rbz.png","width":324,"height":135,"caption":"Revista Brasileira de Zootecnia"},"image":{"@id":"https:\/\/rbz.org.br\/#\/schema\/logo\/image\/"},"sameAs":["https:\/\/www.facebook.com\/rbz.bjas","https:\/\/x.com\/rbz_bjas"]}]}},"_links":{"self":[{"href":"https:\/\/rbz.org.br\/pt-br\/wp-json\/wp\/v2\/pages\/1048","targetHints":{"allow":["GET"]}}],"collection":[{"href":"https:\/\/rbz.org.br\/pt-br\/wp-json\/wp\/v2\/pages"}],"about":[{"href":"https:\/\/rbz.org.br\/pt-br\/wp-json\/wp\/v2\/types\/page"}],"author":[{"embeddable":true,"href":"https:\/\/rbz.org.br\/pt-br\/wp-json\/wp\/v2\/users\/2"}],"replies":[{"embeddable":true,"href":"https:\/\/rbz.org.br\/pt-br\/wp-json\/wp\/v2\/comments?post=1048"}],"version-history":[{"count":6,"href":"https:\/\/rbz.org.br\/pt-br\/wp-json\/wp\/v2\/pages\/1048\/revisions"}],"predecessor-version":[{"id":10727,"href":"https:\/\/rbz.org.br\/pt-br\/wp-json\/wp\/v2\/pages\/1048\/revisions\/10727"}],"wp:attachment":[{"href":"https:\/\/rbz.org.br\/pt-br\/wp-json\/wp\/v2\/media?parent=1048"}],"curies":[{"name":"wp","href":"https:\/\/api.w.org\/{rel}","templated":true}]}}