{"id":10206,"date":"2024-05-29T09:55:15","date_gmt":"2024-05-29T12:55:15","guid":{"rendered":"https:\/\/www.rbz.org.br\/?page_id=10206"},"modified":"2025-01-29T11:12:19","modified_gmt":"2025-01-29T14:12:19","slug":"orcid","status":"publish","type":"page","link":"https:\/\/rbz.org.br\/pt-br\/orcid\/","title":{"rendered":"ORCID"},"content":{"rendered":"<p>Para os manuscritos submetidos no sistema ScholarOne, a RBZ requer que <strong>todos os autores<\/strong> tenham seu <a href=\"https:\/\/orcid.org\/\" target=\"_blank\" rel=\"noopener noreferrer\">ORCID<\/a> inserido no cadastro ScholarOne. Para criar um registro do ORCID ou para vincular sua conta de usu\u00e1rio a um ORCID existente, basta <a href=\"https:\/\/mc04.manuscriptcentral.com\/rbz-scielo\" target=\"_blank\" rel=\"noopener noreferrer\">acessar a sua conta do ScholarOne<\/a> normalmente com seu e-mail e senha.<\/p>\n<p>Ao entrar, encontre seu nome na parte superior direita da p\u00e1gina e clique nele; depois clique em &#8220;E-mail\/Name&#8221; e depois em &#8220;Associate your existing ORCID iD&#8221; (se ainda n\u00e3o possui um, clique em &#8220;Create an ORCID iD&#8221;). Voc\u00ea ser\u00e1 redirecionado para o site do ORCID, onde ir\u00e1 fazer o login e precisar\u00e1 autorizar o v\u00ednculo das contas. Ap\u00f3s a autoriza\u00e7\u00e3o, retornar\u00e1 automaticamente ao ScholarOne, e ver\u00e1 o seu ORCID no cadastro.<\/p>\n<p>Clique em &#8220;next&#8221; duas vezes e ent\u00e3o em &#8220;finish&#8221; para salvar as altera\u00e7\u00f5es.<\/p>\n<p><strong>Aten\u00e7\u00e3o: Este procedimento \u00e9 necess\u00e1rio para que os manuscritos sejam avaliados.<\/strong><\/p>\n<div style=\"width: 750px;\" class=\"wp-video\"><video class=\"wp-video-shortcode\" id=\"video-10206-1\" width=\"750\" height=\"563\" preload=\"metadata\" controls=\"controls\"><source type=\"video\/mp4\" src=\"https:\/\/rbz.org.br\/wp-content\/uploads\/2025\/01\/Como-vincular-o-ORCiD-ao-ScholarOne.mp4?_=1\" \/><a href=\"https:\/\/rbz.org.br\/wp-content\/uploads\/2025\/01\/Como-vincular-o-ORCiD-ao-ScholarOne.mp4\">https:\/\/rbz.org.br\/wp-content\/uploads\/2025\/01\/Como-vincular-o-ORCiD-ao-ScholarOne.mp4<\/a><\/video><\/div>\n","protected":false},"excerpt":{"rendered":"<p>Para os manuscritos submetidos no sistema ScholarOne, a RBZ requer que todos os autores tenham seu ORCID inserido no cadastro ScholarOne. Para criar um registro do ORCID ou para vincular sua conta de usu\u00e1rio a um ORCID existente, basta acessar a sua conta do ScholarOne normalmente com seu e-mail e senha. Ao entrar, encontre seu nome na parte superior direita da p\u00e1gina e clique nele; depois clique em &#8220;E-mail\/Name&#8221; e depois em &#8220;Associate your existing ORCID iD&#8221; (se ainda n\u00e3o [&#8230;]<\/p>\n","protected":false},"author":2,"featured_media":0,"parent":0,"menu_order":0,"comment_status":"closed","ping_status":"closed","template":"","meta":{"footnotes":""},"class_list":["post-10206","page","type-page","status-publish","hentry"],"yoast_head":"<!-- This site is optimized with the Yoast SEO plugin v26.9 - https:\/\/yoast.com\/product\/yoast-seo-wordpress\/ -->\n<title>ORCID - Revista Brasileira de Zootecnia<\/title>\n<meta name=\"robots\" content=\"index, follow, max-snippet:-1, max-image-preview:large, max-video-preview:-1\" \/>\n<link rel=\"canonical\" href=\"https:\/\/rbz.org.br\/pt-br\/orcid\/\" \/>\n<meta property=\"og:locale\" content=\"pt_BR\" \/>\n<meta property=\"og:type\" content=\"article\" \/>\n<meta property=\"og:title\" content=\"ORCID - Revista Brasileira de Zootecnia\" \/>\n<meta property=\"og:description\" content=\"Para os manuscritos submetidos no sistema ScholarOne, a RBZ requer que todos os autores tenham seu ORCID inserido no cadastro ScholarOne. Para criar um registro do ORCID ou para vincular sua conta de usu\u00e1rio a um ORCID existente, basta acessar a sua conta do ScholarOne normalmente com seu e-mail e senha. Ao entrar, encontre seu nome na parte superior direita da p\u00e1gina e clique nele; depois clique em &#8220;E-mail\/Name&#8221; e depois em &#8220;Associate your existing ORCID iD&#8221; (se ainda n\u00e3o [...]\" \/>\n<meta property=\"og:url\" content=\"https:\/\/rbz.org.br\/pt-br\/orcid\/\" \/>\n<meta property=\"og:site_name\" content=\"Revista Brasileira de Zootecnia\" \/>\n<meta property=\"article:publisher\" content=\"https:\/\/www.facebook.com\/rbz.bjas\" \/>\n<meta property=\"article:modified_time\" content=\"2025-01-29T14:12:19+00:00\" \/>\n<meta property=\"og:image\" content=\"https:\/\/rbz.org.br\/wp-content\/uploads\/2018\/06\/rbz.png\" \/>\n\t<meta property=\"og:image:width\" content=\"324\" \/>\n\t<meta property=\"og:image:height\" content=\"135\" \/>\n\t<meta property=\"og:image:type\" content=\"image\/png\" \/>\n<meta name=\"twitter:card\" content=\"summary_large_image\" \/>\n<meta name=\"twitter:site\" content=\"@rbz_bjas\" \/>\n<meta name=\"twitter:label1\" content=\"Est. tempo de leitura\" \/>\n\t<meta name=\"twitter:data1\" content=\"1 minuto\" \/>\n<script type=\"application\/ld+json\" class=\"yoast-schema-graph\">{\"@context\":\"https:\/\/schema.org\",\"@graph\":[{\"@type\":\"WebPage\",\"@id\":\"https:\/\/rbz.org.br\/pt-br\/orcid\/\",\"url\":\"https:\/\/rbz.org.br\/pt-br\/orcid\/\",\"name\":\"ORCID - Revista Brasileira de Zootecnia\",\"isPartOf\":{\"@id\":\"https:\/\/rbz.org.br\/#website\"},\"datePublished\":\"2024-05-29T12:55:15+00:00\",\"dateModified\":\"2025-01-29T14:12:19+00:00\",\"breadcrumb\":{\"@id\":\"https:\/\/rbz.org.br\/pt-br\/orcid\/#breadcrumb\"},\"inLanguage\":\"pt-BR\",\"potentialAction\":[{\"@type\":\"ReadAction\",\"target\":[\"https:\/\/rbz.org.br\/pt-br\/orcid\/\"]}]},{\"@type\":\"BreadcrumbList\",\"@id\":\"https:\/\/rbz.org.br\/pt-br\/orcid\/#breadcrumb\",\"itemListElement\":[{\"@type\":\"ListItem\",\"position\":1,\"name\":\"Home\",\"item\":\"https:\/\/rbz.org.br\/pt-br\/\"},{\"@type\":\"ListItem\",\"position\":2,\"name\":\"ORCID\"}]},{\"@type\":\"WebSite\",\"@id\":\"https:\/\/rbz.org.br\/#website\",\"url\":\"https:\/\/rbz.org.br\/\",\"name\":\"Revista Brasileira de Zootecnia\",\"description\":\"A &lt;em&gt;Revista Brasileira de Zootecnia&lt;\/em&gt; \u00e9 uma publica\u00e7\u00e3o dedicada ao amplo campo da Zootecnia. Publicamos pesquisas cient\u00edficas originais e de alta qualidade que abrangem v\u00e1rias \u00e1reas, incluindo aquicultura, biometeorologia e bem-estar animal, forragens e pastagens, melhoramento e gen\u00e9tica de plantas forrageiras e animais, reprodu\u00e7\u00e3o animal, nutri\u00e7\u00e3o de ruminantes e n\u00e3o-ruminantes, ci\u00eancia da carne e biologia muscular, zootecnia de precis\u00e3o e sistemas de produ\u00e7\u00e3o animal e agroneg\u00f3cio.\",\"publisher\":{\"@id\":\"https:\/\/rbz.org.br\/#organization\"},\"potentialAction\":[{\"@type\":\"SearchAction\",\"target\":{\"@type\":\"EntryPoint\",\"urlTemplate\":\"https:\/\/rbz.org.br\/?s={search_term_string}\"},\"query-input\":{\"@type\":\"PropertyValueSpecification\",\"valueRequired\":true,\"valueName\":\"search_term_string\"}}],\"inLanguage\":\"pt-BR\"},{\"@type\":\"Organization\",\"@id\":\"https:\/\/rbz.org.br\/#organization\",\"name\":\"Revista Brasileira de Zootecnia\",\"url\":\"https:\/\/rbz.org.br\/\",\"logo\":{\"@type\":\"ImageObject\",\"inLanguage\":\"pt-BR\",\"@id\":\"https:\/\/rbz.org.br\/#\/schema\/logo\/image\/\",\"url\":\"https:\/\/www.rbz.org.br\/wp-content\/uploads\/2018\/06\/rbz.png\",\"contentUrl\":\"https:\/\/www.rbz.org.br\/wp-content\/uploads\/2018\/06\/rbz.png\",\"width\":324,\"height\":135,\"caption\":\"Revista Brasileira de Zootecnia\"},\"image\":{\"@id\":\"https:\/\/rbz.org.br\/#\/schema\/logo\/image\/\"},\"sameAs\":[\"https:\/\/www.facebook.com\/rbz.bjas\",\"https:\/\/x.com\/rbz_bjas\"]}]}<\/script>\n<!-- \/ Yoast SEO plugin. -->","yoast_head_json":{"title":"ORCID - Revista Brasileira de Zootecnia","robots":{"index":"index","follow":"follow","max-snippet":"max-snippet:-1","max-image-preview":"max-image-preview:large","max-video-preview":"max-video-preview:-1"},"canonical":"https:\/\/rbz.org.br\/pt-br\/orcid\/","og_locale":"pt_BR","og_type":"article","og_title":"ORCID - Revista Brasileira de Zootecnia","og_description":"Para os manuscritos submetidos no sistema ScholarOne, a RBZ requer que todos os autores tenham seu ORCID inserido no cadastro ScholarOne. Para criar um registro do ORCID ou para vincular sua conta de usu\u00e1rio a um ORCID existente, basta acessar a sua conta do ScholarOne normalmente com seu e-mail e senha. Ao entrar, encontre seu nome na parte superior direita da p\u00e1gina e clique nele; depois clique em &#8220;E-mail\/Name&#8221; e depois em &#8220;Associate your existing ORCID iD&#8221; (se ainda n\u00e3o [...]","og_url":"https:\/\/rbz.org.br\/pt-br\/orcid\/","og_site_name":"Revista Brasileira de Zootecnia","article_publisher":"https:\/\/www.facebook.com\/rbz.bjas","article_modified_time":"2025-01-29T14:12:19+00:00","og_image":[{"width":324,"height":135,"url":"https:\/\/rbz.org.br\/wp-content\/uploads\/2018\/06\/rbz.png","type":"image\/png"}],"twitter_card":"summary_large_image","twitter_site":"@rbz_bjas","twitter_misc":{"Est. tempo de leitura":"1 minuto"},"schema":{"@context":"https:\/\/schema.org","@graph":[{"@type":"WebPage","@id":"https:\/\/rbz.org.br\/pt-br\/orcid\/","url":"https:\/\/rbz.org.br\/pt-br\/orcid\/","name":"ORCID - Revista Brasileira de Zootecnia","isPartOf":{"@id":"https:\/\/rbz.org.br\/#website"},"datePublished":"2024-05-29T12:55:15+00:00","dateModified":"2025-01-29T14:12:19+00:00","breadcrumb":{"@id":"https:\/\/rbz.org.br\/pt-br\/orcid\/#breadcrumb"},"inLanguage":"pt-BR","potentialAction":[{"@type":"ReadAction","target":["https:\/\/rbz.org.br\/pt-br\/orcid\/"]}]},{"@type":"BreadcrumbList","@id":"https:\/\/rbz.org.br\/pt-br\/orcid\/#breadcrumb","itemListElement":[{"@type":"ListItem","position":1,"name":"Home","item":"https:\/\/rbz.org.br\/pt-br\/"},{"@type":"ListItem","position":2,"name":"ORCID"}]},{"@type":"WebSite","@id":"https:\/\/rbz.org.br\/#website","url":"https:\/\/rbz.org.br\/","name":"Revista Brasileira de Zootecnia","description":"A &lt;em&gt;Revista Brasileira de Zootecnia&lt;\/em&gt; \u00e9 uma publica\u00e7\u00e3o dedicada ao amplo campo da Zootecnia. Publicamos pesquisas cient\u00edficas originais e de alta qualidade que abrangem v\u00e1rias \u00e1reas, incluindo aquicultura, biometeorologia e bem-estar animal, forragens e pastagens, melhoramento e gen\u00e9tica de plantas forrageiras e animais, reprodu\u00e7\u00e3o animal, nutri\u00e7\u00e3o de ruminantes e n\u00e3o-ruminantes, ci\u00eancia da carne e biologia muscular, zootecnia de precis\u00e3o e sistemas de produ\u00e7\u00e3o animal e agroneg\u00f3cio.","publisher":{"@id":"https:\/\/rbz.org.br\/#organization"},"potentialAction":[{"@type":"SearchAction","target":{"@type":"EntryPoint","urlTemplate":"https:\/\/rbz.org.br\/?s={search_term_string}"},"query-input":{"@type":"PropertyValueSpecification","valueRequired":true,"valueName":"search_term_string"}}],"inLanguage":"pt-BR"},{"@type":"Organization","@id":"https:\/\/rbz.org.br\/#organization","name":"Revista Brasileira de Zootecnia","url":"https:\/\/rbz.org.br\/","logo":{"@type":"ImageObject","inLanguage":"pt-BR","@id":"https:\/\/rbz.org.br\/#\/schema\/logo\/image\/","url":"https:\/\/www.rbz.org.br\/wp-content\/uploads\/2018\/06\/rbz.png","contentUrl":"https:\/\/www.rbz.org.br\/wp-content\/uploads\/2018\/06\/rbz.png","width":324,"height":135,"caption":"Revista Brasileira de Zootecnia"},"image":{"@id":"https:\/\/rbz.org.br\/#\/schema\/logo\/image\/"},"sameAs":["https:\/\/www.facebook.com\/rbz.bjas","https:\/\/x.com\/rbz_bjas"]}]}},"_links":{"self":[{"href":"https:\/\/rbz.org.br\/pt-br\/wp-json\/wp\/v2\/pages\/10206","targetHints":{"allow":["GET"]}}],"collection":[{"href":"https:\/\/rbz.org.br\/pt-br\/wp-json\/wp\/v2\/pages"}],"about":[{"href":"https:\/\/rbz.org.br\/pt-br\/wp-json\/wp\/v2\/types\/page"}],"author":[{"embeddable":true,"href":"https:\/\/rbz.org.br\/pt-br\/wp-json\/wp\/v2\/users\/2"}],"replies":[{"embeddable":true,"href":"https:\/\/rbz.org.br\/pt-br\/wp-json\/wp\/v2\/comments?post=10206"}],"version-history":[{"count":13,"href":"https:\/\/rbz.org.br\/pt-br\/wp-json\/wp\/v2\/pages\/10206\/revisions"}],"predecessor-version":[{"id":12210,"href":"https:\/\/rbz.org.br\/pt-br\/wp-json\/wp\/v2\/pages\/10206\/revisions\/12210"}],"wp:attachment":[{"href":"https:\/\/rbz.org.br\/pt-br\/wp-json\/wp\/v2\/media?parent=10206"}],"curies":[{"name":"wp","href":"https:\/\/api.w.org\/{rel}","templated":true}]}}